{"id":86,"date":"2025-01-24T21:59:07","date_gmt":"2025-01-24T20:59:07","guid":{"rendered":"https:\/\/heilauftrag.de\/?page_id=86"},"modified":"2026-03-13T15:32:09","modified_gmt":"2026-03-13T14:32:09","slug":"der-frieden-des-ich","status":"publish","type":"page","link":"https:\/\/hooponoponosouthafrica.com\/de\/der-frieden-des-ich\/","title":{"rendered":"Der Frieden des &#8222;ICH&#8220;"},"content":{"rendered":"\n<h1 class=\"gb-text gb-text-c46d617e\"><strong>Der Frieden des &#8222;ICH&#8220;<\/strong><\/h1>\n\n\n\n<p class=\"gb-text gb-text-e23e024a\">DER FRIEDEN DES \u201eICH\u201d<br>KA MALUHIA O KA \u201dI\u201d<\/p>\n\n\n\n<p class=\"gb-text gb-text-85d53080\">Friede sei mit euch, Mein vollst\u00e4ndiger Frieden,<br>&nbsp; &nbsp;<em>O ka Maluhia no me oe, ku\u2019u Maluhia apau Ioa,<\/em><\/p>\n\n\n\n<p class=\"gb-text gb-text-cf050dfe\">Der Frieden der \u201eIch\u201d ist, der Frieden, der \u201eIch bin\u201d ist,<br>&nbsp; &nbsp; Ka Maluhia o ka \u201dI\u201d, owau no ka Maluhia,<\/p>\n\n\n\n<p class=\"gb-text gb-text-9e6f43a3\">Der Frieden f\u00fcr immer, f\u00fcr jetzt und f\u00fcr alle Zeit.<br>&nbsp; &nbsp; Ka Maluhia no na wa apau, no ke\u2019ia wa a mau a mauloa aku.<\/p>\n\n\n\n<p class=\"gb-text gb-text-87d123c9\">Meinen Frieden gebe \u201eIch\u201d euch, Meinen Frieden lasse \u201eIch\u201d euch zuteil werden,<br>&nbsp; &nbsp; Ha\u2019awi aku wau \u201dI\u201d ku\u2019u Maluhia ia oe, waiho aku wau \u201dI\u201d ku\u2019u Maluhia me oe,<\/p>\n\n\n\n<p class=\"gb-text gb-text-0c8476b3\">Nicht den Frieden der Welt, sondern Meinen G\u00f6ttlichen Frieden, den Frieden des \u201eIch\u201d.<br>A\u2019ole ka Maluhia o ke ao, aka, ka\u2019u Maluhia wale no, Ka Maluhia o ka \u201dI\u201d.<\/p>\n\n\n\n<p class=\"gb-text gb-text-106e2955\">Copyright \u00a9 1980 The Foundation of I, Inc. Freedom of the Cosmos<\/p>\n","protected":false},"excerpt":{"rendered":"<p>Der Frieden des &#8222;ICH&#8220; DER FRIEDEN DES \u201eICH\u201dKA MALUHIA O KA \u201dI\u201d Friede sei mit euch, Mein vollst\u00e4ndiger Frieden,&nbsp; &nbsp;O ka Maluhia no me oe, ku\u2019u Maluhia apau Ioa, Der Frieden der \u201eIch\u201d ist, der Frieden, der \u201eIch bin\u201d ist,&nbsp; &nbsp; Ka Maluhia o ka \u201dI\u201d, owau no ka Maluhia, Der Frieden f\u00fcr immer, f\u00fcr &#8230; <a title=\"Der Frieden des &#8222;ICH&#8220;\" class=\"read-more\" href=\"https:\/\/hooponoponosouthafrica.com\/de\/der-frieden-des-ich\/\" aria-label=\"Mehr Informationen \u00fcber Der Frieden des &#8222;ICH&#8220;\">Weiterlesen<\/a><\/p>\n","protected":false},"author":1,"featured_media":0,"parent":0,"menu_order":0,"comment_status":"closed","ping_status":"closed","template":"","meta":{"_acf_changed":false,"slim_seo":{"title":"Der Frieden des \"ICH\" - Ho&#039;oponopono South Africa","description":"Der Frieden des \"ICH\" DER FRIEDEN DES \u201eICH\u201d KA MALUHIA O KA \u201dI\u201d Friede sei mit euch, Mein vollst\u00e4ndiger Frieden, &nbsp; &nbsp; O ka Maluhia no me oe, ku\u2019u Maluh"},"footnotes":""},"class_list":["post-86","page","type-page","status-publish"],"acf":[],"_links":{"self":[{"href":"https:\/\/hooponoponosouthafrica.com\/de\/wp-json\/wp\/v2\/pages\/86","targetHints":{"allow":["GET"]}}],"collection":[{"href":"https:\/\/hooponoponosouthafrica.com\/de\/wp-json\/wp\/v2\/pages"}],"about":[{"href":"https:\/\/hooponoponosouthafrica.com\/de\/wp-json\/wp\/v2\/types\/page"}],"author":[{"embeddable":true,"href":"https:\/\/hooponoponosouthafrica.com\/de\/wp-json\/wp\/v2\/users\/1"}],"replies":[{"embeddable":true,"href":"https:\/\/hooponoponosouthafrica.com\/de\/wp-json\/wp\/v2\/comments?post=86"}],"version-history":[{"count":6,"href":"https:\/\/hooponoponosouthafrica.com\/de\/wp-json\/wp\/v2\/pages\/86\/revisions"}],"predecessor-version":[{"id":880,"href":"https:\/\/hooponoponosouthafrica.com\/de\/wp-json\/wp\/v2\/pages\/86\/revisions\/880"}],"wp:attachment":[{"href":"https:\/\/hooponoponosouthafrica.com\/de\/wp-json\/wp\/v2\/media?parent=86"}],"curies":[{"name":"wp","href":"https:\/\/api.w.org\/{rel}","templated":true}]}}