{"id":82,"date":"2025-01-24T21:58:33","date_gmt":"2025-01-24T20:58:33","guid":{"rendered":"https:\/\/heilauftrag.de\/?page_id=82"},"modified":"2026-04-13T14:45:51","modified_gmt":"2026-04-13T12:45:51","slug":"private-sessions","status":"publish","type":"page","link":"https:\/\/hooponoponosouthafrica.com\/de\/private-sessions\/","title":{"rendered":"IZI LLC SITH\u00ae Private Sessions"},"content":{"rendered":"\n<h2 class=\"gb-text gb-text-ef20e932\">IZI LLC ist sehr dankbar,&nbsp;<br>SITH\u00ae Private Sessions anbieten zu k\u00f6nnen.<\/h2>\n\n\n\n<p>Die IZI LLC SITH\u00ae Private Session ist eine etwa einst\u00fcndige Einzelbegleitung, \u00e4hnlich einem Mini-Vortrag, die \u00fcber einen autorisierten IZI LLC-Koordinator gebucht wird.&nbsp;<\/p>\n\n\n\n<p>Bei der Anmeldung gibst du Name, Adresse, Telefonnummer, E-Mail sowie bereits besuchte Seminare oder Vortr\u00e4ge an \u2013 oder teilst mit, dass du neu im Prozess bist. Optional kannst du eine kurze Nachricht mit deinem Anliegen oder Fragen hinterlassen, die dem Instruktor vor der Session \u00fcbermittelt wird.<\/p>\n\n\n\n<p>Wie bei den Vortr\u00e4gen geht es auch hier nicht darum, Ratschl\u00e4ge zu erteilen, sondern dem Teilnehmer dabei zu helfen, seinen Weg mit dem SITH\u00ae-Prozess zu finden.&nbsp;<\/p>\n\n\n\n<p>Alle Teilnehmer m\u00fcssen ihre SITH-Ausbildungsstufe angeben, damit sich der Instruktor mit den entsprechenden Materialien vorbereiten kann.<\/p>\n\n\n\n<h2 class=\"gb-text\">Wie k\u00f6nnen SITH\u00ae-Private Sessions bei Lebensfragen helfen?<\/h2>\n\n\n\n<p>In den SITH\u00ae-Private Sessions kannst Du mit dem IZI LLC Instruktor an folgenden Themen arbeiten:<\/p>\n\n\n\n<ul class=\"wp-block-list\">\n<li>Beziehungen<\/li>\n\n\n\n<li>Gesundheit<\/li>\n\n\n\n<li>Finanzen<\/li>\n\n\n\n<li>Verm\u00e4hlung<\/li>\n\n\n\n<li>Seelische Gesundheit<\/li>\n\n\n\n<li>S\u00fcchte<\/li>\n\n\n\n<li>Mangelnde Motivation<\/li>\n\n\n\n<li>Lebensziel<\/li>\n\n\n\n<li>Gesch\u00e4ftliches<\/li>\n\n\n\n<li>Alle anderen Anliegen<\/li>\n<\/ul>\n\n\n\n<p class=\"has-text-align-center\"><strong>SITH\u00ae-Private Session Geb\u00fchr<\/strong><br><strong>3,620 ZAR<\/strong><\/p>\n\n\n\n<p>SITH\u00ae Private Sessions unterst\u00fctzen dich dabei, den Reinigungsprozess im Alltag anzuwenden und deinen eigenen Weg damit zu finden.<strong>&nbsp;<\/strong><\/p>\n\n\n\n<p>F\u00fcr Einsteiger bieten sie eine klare Einf\u00fchrung, w\u00e4hrend Fortgeschrittene darin unterst\u00fctzt werden, den Prozess wieder aufzunehmen \u2013 besonders wenn sie das Gef\u00fchl haben, festzustecken oder nicht weiterzukommen.<\/p>\n\n\n\n<p>F\u00fchlst du dich kraftlos und ausgelaugt, bietet dir die Session die M\u00f6glichkeit eines Neustarts. Wenn du das Gef\u00fchl hast, vom Weg abgekommen zu sein, oder von Zweifeln und \u00c4ngsten begleitet wirst, kannst du den Zugang zu deinem g\u00f6ttlichen Selbst wiederfinden.<\/p>\n\n\n\n<p>Als Instruktor arbeite ich ausschlie\u00dflich an meinen eigenen Erinnerungen, die durch deine Anmeldung zur Privaten Session aktiviert werden. So k\u00f6nnen deine inneren Themen wie Unentschlossenheit, Mangel an Vertrauen oder andere Blockaden aufgel\u00f6st werden. Deine Fragen werden dabei achtsam beantwortet.<\/p>\n\n\n\n<p>Ziel der Private Session ist es, hinderliche Erinnerungen zu l\u00f6sen, damit du wieder Leichtigkeit, Klarheit und Inspiration in deinem Leben ef\u00e4hrst.<\/p>\n\n\n\n<div class=\"gb-element-90eaaf47\"><style>\n            :root {\n                --fcal_primary_color: #4587EC !important;\n                --fcal_date_radius: 4px !important;\n                --fcal_avatar_radius: 8px !important;\n            }\n        <\/style><div class=\"fluent-booking-calendar-block align\"><div class=\"fcal_cal_wrap fcal-light-mode\">\n    <div class=\"fluent_booking_app\" data-calendar_id=\"2\"\n         data-event_id=\"2\"><\/div>\n    <\/div>\n\n<style>\n    .fcal_phone_wrapper .flag {\n        background: url(https:\/\/hooponoponosouthafrica.com\/wp-content\/plugins\/fluent-booking\/assets\/images\/flags_responsive.png) no-repeat;\n        background-size: 100%;\n    }\n<\/style>\n<\/div><\/div>\n\n\n\n<h2 class=\"gb-text\">Allgemeine Informationen<\/h2>\n\n\n\n<ul class=\"wp-block-list\">\n<li>Nur autorisierte SITH\u00ae-Instruktoren k\u00f6nnen SITH\u00ae Private Sessions durchf\u00fchren.<\/li>\n\n\n\n<li>Es k\u00f6nnen alle Fragen gestellt werden, die Du zu&nbsp; Tools und deren Anwendung aus den von Dir besuchten Seminaren hast. (Basic II-Studenten m\u00fcssen sich bei einem Basic II-Instruktor anmelden)&nbsp;<\/li>\n\n\n\n<li>Der IZI LLC Instruktor stellt die entsprechenden Materialien f\u00fcr den Studenten zur Verf\u00fcgung, je nachdem, an welchem Vortrag oder Seminar der Student teilgenommen hat.&nbsp;<\/li>\n\n\n\n<li>Ein Student, der an keinem Vortrag teilgenommen hat, kann trotzdem an der SITH\u00ae-Private Session teilnehmen und&nbsp; Tools aus einem Vortrag erhalten.&nbsp;<\/li>\n\n\n\n<li>Der IZI LLC Instruktor wird den Studenten bei der Anwendung der SITH\u00ae-Tools unterst\u00fctzen.<\/li>\n\n\n\n<li>Die SITH\u00ae-Private Session dauert 60 Minuten und findet an einem Datum und zu einer Uhrzeit Deiner Wahl statt, sofern es der Terminkalender erlaubt.&nbsp;<\/li>\n\n\n\n<li>Die SITH\u00ae-Private Sessions werden nur mit dem Instruktor und dem Studenten durchgef\u00fchrt.<\/li>\n\n\n\n<li>Die SITH\u00ae-Private Session wird gem\u00e4\u00df dem Antrag durchgef\u00fchrt, der dem Koordinator im Voraus zugeschickt wurde. W\u00e4hrend der Sitzung k\u00f6nnen die Kursteilnehmer Fragen zu Problemen, Reinigungsmethoden, etc. direkt an den Kursleiter stellen.&nbsp;<\/li>\n\n\n\n<li>Sobald die Anmeldung und die Zahlung best\u00e4tigt sind, werden die Daten an IZI LLC und den Instruktor weitergeleitet, um die Anmeldung zu vervollst\u00e4ndigen und den Reinigungsprozess zu starten.&nbsp;<\/li>\n\n\n\n<li>Der Zweck der SITH\u00ae-Private Session besteht nicht darin, dass die von IZI LLC autorisierten Instruktoren das Problem l\u00f6sen oder Ratschl\u00e4ge geben. Vielmehr geht es darum dem Studenten Klarheit \u00fcber die SITH\u00ae-Materialien und den Reinigungsprozess zu verschaffen und ihm zu helfen, seinen Weg mit SITH\u00ae zu finden.<\/li>\n<\/ul>\n\n\n\n<h2 class=\"gb-text\">Anmerkungen<\/h2>\n\n\n\n<ul class=\"wp-block-list\">\n<li>Einmal abgeschickt, k\u00f6nnen keine Korrekturen oder Erg\u00e4nzungen mehr vorgenommen werden. Wenn Du der Anfrage etwas hinzuf\u00fcgen m\u00f6chtest, teile das bitte dem Instruktor w\u00e4hrend der Session mit.<\/li>\n\n\n\n<li>Wir werden Dich per E-Mail kontaktieren. Bitte richte Deine E-Mail-Einstellungen so ein, dass Du E-Mails von&nbsp;<strong>office@hooponoponogermany.de<\/strong>&nbsp;erhalten kannst (falls Du Deine E-Mails nicht \u00fcberpr\u00fcfen kannst, behalte&nbsp; bitte den Spam-Ordner im Auge).<\/li>\n\n\n\n<li>Der Koordinator wird Deine pers\u00f6nlichen Daten nach der Sitzung verantwortungsbewusst l\u00f6schen.<\/li>\n\n\n\n<li>Nur Du kannst an der Session teilnehmen.<\/li>\n\n\n\n<li>Bitte beachte, dass Termine nur bis zu 30 Tage im Voraus vereinbart werden k\u00f6nnen.<\/li>\n\n\n\n<li>Eine SITH\u00aePrivate Session zu verl\u00e4ngern oder zu verschieben ist nicht m\u00f6glich.<\/li>\n\n\n\n<li>Eine Stornierung oder R\u00fcckerstattung ist nicht m\u00f6glich, da die Reinigung mit der Anmeldung beginnt.<\/li>\n<\/ul>\n","protected":false},"excerpt":{"rendered":"<p>IZI LLC ist sehr dankbar,&nbsp;SITH\u00ae Private Sessions anbieten zu k\u00f6nnen. Die IZI LLC SITH\u00ae Private Session ist eine etwa einst\u00fcndige Einzelbegleitung, \u00e4hnlich einem Mini-Vortrag, die \u00fcber einen autorisierten IZI LLC-Koordinator gebucht wird.&nbsp; Bei der Anmeldung gibst du Name, Adresse, Telefonnummer, E-Mail sowie bereits besuchte Seminare oder Vortr\u00e4ge an \u2013 oder teilst mit, dass du neu &#8230; <a title=\"IZI LLC SITH\u00ae Private Sessions\" class=\"read-more\" href=\"https:\/\/hooponoponosouthafrica.com\/de\/private-sessions\/\" aria-label=\"Mehr Informationen \u00fcber IZI LLC SITH\u00ae Private Sessions\">Weiterlesen<\/a><\/p>\n","protected":false},"author":1,"featured_media":0,"parent":0,"menu_order":0,"comment_status":"closed","ping_status":"closed","template":"","meta":{"_acf_changed":false,"slim_seo":{"title":"IZI LLC SITH\u00ae Private Sessions - Ho&#039;oponopono South Africa","description":"IZI LLC ist sehr dankbar,&nbsp; SITH\u00ae Private Sessions anbieten zu k\u00f6nnen. Die IZI LLC SITH\u00ae Private Session ist eine etwa einst\u00fcndige Einzelbegleitung, \u00e4hnlich"},"footnotes":""},"class_list":["post-82","page","type-page","status-publish"],"acf":[],"_links":{"self":[{"href":"https:\/\/hooponoponosouthafrica.com\/de\/wp-json\/wp\/v2\/pages\/82","targetHints":{"allow":["GET"]}}],"collection":[{"href":"https:\/\/hooponoponosouthafrica.com\/de\/wp-json\/wp\/v2\/pages"}],"about":[{"href":"https:\/\/hooponoponosouthafrica.com\/de\/wp-json\/wp\/v2\/types\/page"}],"author":[{"embeddable":true,"href":"https:\/\/hooponoponosouthafrica.com\/de\/wp-json\/wp\/v2\/users\/1"}],"replies":[{"embeddable":true,"href":"https:\/\/hooponoponosouthafrica.com\/de\/wp-json\/wp\/v2\/comments?post=82"}],"version-history":[{"count":10,"href":"https:\/\/hooponoponosouthafrica.com\/de\/wp-json\/wp\/v2\/pages\/82\/revisions"}],"predecessor-version":[{"id":964,"href":"https:\/\/hooponoponosouthafrica.com\/de\/wp-json\/wp\/v2\/pages\/82\/revisions\/964"}],"wp:attachment":[{"href":"https:\/\/hooponoponosouthafrica.com\/de\/wp-json\/wp\/v2\/media?parent=82"}],"curies":[{"name":"wp","href":"https:\/\/api.w.org\/{rel}","templated":true}]}}