{"id":492,"date":"2025-04-10T22:26:03","date_gmt":"2025-04-10T20:26:03","guid":{"rendered":"https:\/\/hooponoponogermany.de\/?page_id=492"},"modified":"2026-03-12T09:11:10","modified_gmt":"2026-03-12T08:11:10","slug":"vortraege","status":"publish","type":"page","link":"https:\/\/hooponoponosouthafrica.com\/de\/vortraege\/","title":{"rendered":"Vortr\u00e4ge"},"content":{"rendered":"\n<p>Die von IZI LLC gef\u00f6rderten SITH\u00ae-Vortr\u00e4ge er\u00f6ffnen dir einen kraftvollen Zugang zur Lehre der Selbst-Identit\u00e4t durch Ho&#8217;oponopono\u00ae. Sie laden dich ein, dich auf eine innere Reise zu begeben \u2013 hin zu mehr Klarheit, innerem Frieden und dem bewussten Erkennen deines wahren Seins.<\/p>\n\n\n\n<p>Neben der M\u00f6glichkeit, Fragen zu stellen, erh\u00e4ltst du einfache, aber tiefgreifende Reinigungstools, die du sofort im Alltag anwenden kannst \u2013 um alte Muster loszulassen und den Herausforderungen des Lebens mit Achtsamkeit und Vertrauen zu begegnen.<\/p>\n\n\n\n<div>\n<div class=\"gb-element-9123bd50\">\n<div><div >\n<div class=\"gb-loop-item gb-loop-item-1806342f post-509 vortrag type-vortrag status-publish hentry sprache-deutsch\">\n<div class=\"gb-element-ad3050b2\">\n<h2 class=\"gb-text gb-text-a1b02eec\">Cape Town, South Africa &#8211; ONLINE<\/h2>\n\n\n\n\n\n\n\n\n\n\n\n\n<style id=\"wpforms-css-vars-762-block-ff873d05-5b41-436e-b999-f8eb74ccd362\">\n\t\t\t\t#wpforms-762.wpforms-block-ff873d05-5b41-436e-b999-f8eb74ccd362 {\n\t\t\t\t--wpforms-field-size-input-height: 43px;\n--wpforms-field-size-input-spacing: 15px;\n--wpforms-field-size-font-size: 16px;\n--wpforms-field-size-line-height: 19px;\n--wpforms-field-size-padding-h: 14px;\n--wpforms-field-size-checkbox-size: 16px;\n--wpforms-field-size-sublabel-spacing: 5px;\n--wpforms-field-size-icon-size: 1;\n--wpforms-label-size-font-size: 16px;\n--wpforms-label-size-line-height: 19px;\n--wpforms-label-size-sublabel-font-size: 14px;\n--wpforms-label-size-sublabel-line-height: 17px;\n--wpforms-button-size-font-size: 17px;\n--wpforms-button-size-height: 41px;\n--wpforms-button-size-padding-h: 15px;\n--wpforms-button-size-margin-top: 10px;\n--wpforms-container-shadow-size-box-shadow: none;\n\t\t\t}\n\t\t\t<\/style><div class=\"wpforms-container wpforms-container-full wpforms-stripe wpforms-block wpforms-block-ff873d05-5b41-436e-b999-f8eb74ccd362 wpforms-render-modern\" id=\"wpforms-762\"><form id=\"wpforms-form-762\" class=\"wpforms-validate wpforms-form wpforms-ajax-form\" data-formid=\"762\" method=\"post\" enctype=\"multipart\/form-data\" action=\"\/de\/wp-json\/wp\/v2\/pages\/492\" data-token=\"844bb3693c79a07e3409778f71310a21\" data-token-time=\"1778711186\"><noscript class=\"wpforms-error-noscript\">Bitte aktiviere JavaScript in deinem Browser, um dieses Formular fertigzustellen.<\/noscript><div id=\"wpforms-error-noscript\" style=\"display: none;\">Bitte aktiviere JavaScript in deinem Browser, um dieses Formular fertigzustellen.<\/div><div class=\"wpforms-field-container\"><div id=\"wpforms-762-field_1-container\" class=\"wpforms-field wpforms-field-content\" data-field-id=\"1\"><div id=\"wpforms-762-field_1\" class=\"wpforms-field-large wpforms-field-row\" aria-errormessage=\"wpforms-762-field_1-error\"><h2><b>SITH\u00ae Vortrag &#8211; Anmeldung<\/b><\/h2>\n<div class=\"wpforms-field-content-display-frontend-clear\"><\/div><\/div><\/div><div id=\"wpforms-762-field_8-container\" class=\"wpforms-field wpforms-field-email\" data-field-id=\"8\"><label class=\"wpforms-field-label\" for=\"wpforms-762-field_8\">E-Mail-Adresse <span class=\"wpforms-required-label\" aria-hidden=\"true\">*<\/span><\/label><input type=\"email\" id=\"wpforms-762-field_8\" class=\"wpforms-field-medium wpforms-field-required\" name=\"wpforms[fields][8]\" spellcheck=\"false\" aria-errormessage=\"wpforms-762-field_8-error\" required><\/div><div id=\"wpforms-762-field_9-container\" class=\"wpforms-field wpforms-field-name\" data-field-id=\"9\"><fieldset><legend class=\"wpforms-field-label\">Name <span class=\"wpforms-required-label\" aria-hidden=\"true\">*<\/span><\/legend><div class=\"wpforms-field-row wpforms-field-medium\"><div class=\"wpforms-field-row-block wpforms-first wpforms-one-half\"><input type=\"text\" id=\"wpforms-762-field_9\" class=\"wpforms-field-name-first wpforms-field-required\" name=\"wpforms[fields][9][first]\" aria-errormessage=\"wpforms-762-field_9-error\" required><label for=\"wpforms-762-field_9\" class=\"wpforms-field-sublabel after\">Vorname<\/label><\/div><div class=\"wpforms-field-row-block wpforms-one-half\"><input type=\"text\" id=\"wpforms-762-field_9-last\" class=\"wpforms-field-name-last wpforms-field-required\" name=\"wpforms[fields][9][last]\" aria-errormessage=\"wpforms-762-field_9-last-error\" required><label for=\"wpforms-762-field_9-last\" class=\"wpforms-field-sublabel after\">Nachname<\/label><\/div><\/div><\/fieldset><\/div>\t\t<div id=\"wpforms-762-field_2-container\"\n\t\t\tclass=\"wpforms-field wpforms-field-text\"\n\t\t\tdata-field-type=\"text\"\n\t\t\tdata-field-id=\"2\"\n\t\t\t>\n\t\t\t<label class=\"wpforms-field-label\" for=\"wpforms-762-field_2\" >M\u00f6glichkeit zur Telefonnummer<\/label>\n\t\t\t<input type=\"text\" id=\"wpforms-762-field_2\" class=\"wpforms-field-medium\" name=\"wpforms[fields][2]\" >\n\t\t<\/div>\n\t\t<div id=\"wpforms-762-field_11-container\" class=\"wpforms-field wpforms-field-text\" data-field-id=\"11\"><label class=\"wpforms-field-label\" for=\"wpforms-762-field_11\">Anschrift Stra\u00dfe und Hausnummer <span class=\"wpforms-required-label\" aria-hidden=\"true\">*<\/span><\/label><input type=\"text\" id=\"wpforms-762-field_11\" class=\"wpforms-field-medium wpforms-field-required\" name=\"wpforms[fields][11]\" aria-errormessage=\"wpforms-762-field_11-error\" required><\/div><div id=\"wpforms-762-field_12-container\" class=\"wpforms-field wpforms-field-text\" data-field-id=\"12\"><label class=\"wpforms-field-label\" for=\"wpforms-762-field_12\">Anschrift PLZ und Ort <span class=\"wpforms-required-label\" aria-hidden=\"true\">*<\/span><\/label><input type=\"text\" id=\"wpforms-762-field_12\" class=\"wpforms-field-medium wpforms-field-required\" name=\"wpforms[fields][12]\" aria-errormessage=\"wpforms-762-field_12-error\" required><\/div><div id=\"wpforms-762-field_13-container\" class=\"wpforms-field wpforms-field-phone\" data-field-id=\"13\"><label class=\"wpforms-field-label\" for=\"wpforms-762-field_13\">Telefonnummer <span class=\"wpforms-required-label\" aria-hidden=\"true\">*<\/span><\/label><input type=\"tel\" id=\"wpforms-762-field_13\" class=\"wpforms-field-medium wpforms-field-required\" data-rule-int-phone-field=\"true\" name=\"wpforms[fields][13]\" aria-label=\"Telefonnummer\" aria-errormessage=\"wpforms-762-field_13-error\" required><\/div><div id=\"wpforms-762-field_7-container\" class=\"wpforms-field wpforms-field-payment-single\" data-field-id=\"7\"><label class=\"wpforms-field-label\">Geb\u00fchr<\/label><div class=\"wpforms-single-item-price-content\"><div class=\"wpforms-single-item-price wpforms-field-medium wpforms-payment-price\"><span class=\"wpforms-price\">R664.00<\/span><\/div><\/div><input type=\"hidden\" id=\"wpforms-762-field_7\" class=\"wpforms-field-medium wpforms-payment-price\" name=\"wpforms[fields][7]\" value=\"R664.00\"><\/div><div id=\"wpforms-762-field_6-container\" class=\"wpforms-field wpforms-field-radio wpforms-conditional-trigger\" data-field-id=\"6\"><fieldset><legend class=\"wpforms-field-label\">Bitte w\u00e4hle eine M\u00f6glichkeit der Bezahlung <span class=\"wpforms-required-label\" aria-hidden=\"true\">*<\/span><\/legend><ul id=\"wpforms-762-field_6\" class=\"wpforms-field-required\"><li class=\"choice-1 depth-1\"><input type=\"radio\" id=\"wpforms-762-field_6_1\" name=\"wpforms[fields][6]\" value=\"Stripe (Kreditkarte)\" aria-errormessage=\"wpforms-762-field_6_1-error\" aria-describedby=\"wpforms-762-field_6-description\" required ><label class=\"wpforms-field-label-inline\" for=\"wpforms-762-field_6_1\">Stripe (Kreditkarte)<\/label><\/li><li class=\"choice-2 depth-1\"><input type=\"radio\" id=\"wpforms-762-field_6_2\" name=\"wpforms[fields][6]\" value=\"Bank\u00fcberweisung\" aria-errormessage=\"wpforms-762-field_6_2-error\" aria-describedby=\"wpforms-762-field_6-description\" required ><label class=\"wpforms-field-label-inline\" for=\"wpforms-762-field_6_2\">Bank\u00fcberweisung<\/label><\/li><\/ul><div id=\"wpforms-762-field_6-description\" class=\"wpforms-field-description\">Bei Option Bank\u00fcberweisung: IBAN: DE64 7019 0000 0002 4429 14 | Genodef1M01 | Irene Schwonek<\/div><\/fieldset><\/div><div id=\"wpforms-762-field_10-container\" class=\"wpforms-field wpforms-field-textarea\" data-field-id=\"10\"><label class=\"wpforms-field-label\" for=\"wpforms-762-field_10\">Ich habe eine Frage zur Abwicklung der Anmeldung<\/label><textarea id=\"wpforms-762-field_10\" class=\"wpforms-field-medium\" name=\"wpforms[fields][10]\" aria-errormessage=\"wpforms-762-field_10-error\" ><\/textarea><\/div><div id=\"wpforms-762-field_4-container\" class=\"wpforms-field wpforms-field-checkbox\" data-field-id=\"4\"><fieldset><legend class=\"wpforms-field-label\">Bitte best\u00e4tigen <span class=\"wpforms-required-label\" aria-hidden=\"true\">*<\/span><\/legend><ul id=\"wpforms-762-field_4\" class=\"wpforms-field-required\"><li class=\"choice-1 depth-1\"><input type=\"checkbox\" id=\"wpforms-762-field_4_1\" name=\"wpforms[fields][4][]\" value=\"Der Link zur Veranstaltung (Zoom) wird nach abgeschlossener Registrierung per E-Mail zugeschickt.\" aria-errormessage=\"wpforms-762-field_4_1-error\" required ><label class=\"wpforms-field-label-inline\" for=\"wpforms-762-field_4_1\">Der Link zur Veranstaltung (Zoom) wird nach abgeschlossener Registrierung per E-Mail zugeschickt.<\/label><\/li><\/ul><\/fieldset><\/div><div id=\"wpforms-762-field_5-container\" class=\"wpforms-field wpforms-field-checkbox\" data-field-id=\"5\"><fieldset><legend class=\"wpforms-field-label\">Information zur Teilnahme am SITH\u00ae Online-Vortrag <span class=\"wpforms-required-label\" aria-hidden=\"true\">*<\/span><\/legend><ul id=\"wpforms-762-field_5\" class=\"wpforms-field-required\"><li class=\"choice-1 depth-1\"><input type=\"checkbox\" id=\"wpforms-762-field_5_1\" name=\"wpforms[fields][5][]\" value=\"1. Die Teilnehmer melden sich als eine Person an und werden gebeten, den Link f\u00fcr den Vortrag nicht weiterzugeben oder andere einzuladen, sich den Vortrag anzusehen. Jede Person, die an dem Vortrag teilnehmen m\u00f6chte, muss sich als rechtm\u00e4\u00dfiger Teilnehmer registrieren und einschreiben. Die Teilnahme und das Anschauen des Vortrags ist nur f\u00fcr die Person m\u00f6glich, die sich angemeldet hat. Wenn Sie andere Personen haben, die an dem Vortrag teilnehmen m\u00f6chten, m\u00f6gen sie sich \u00fcber die Website anmelden.&lt;br&gt;&lt;br&gt;2. Audio- und Videoaufnahmen sowie Fotografieren sind aus urheberrechtlichen Gr\u00fcnden strengstens untersagt.&lt;br&gt;&lt;br&gt;3. Die \u201eIZI LLC\u201c ist Eigent\u00fcmerin aller Informationen, Urheberrechte, Trademarks und aller anderen geistigen Eigentumsrechte, die in den Vortr\u00e4gen\/Vortragen vermittelt werden. Daher ist die Weitergabe, Vervielf\u00e4ltigung, das Kopieren, der Vertrieb, der Verkauf, die Bereitstellung, die Werbung oder die sonstige Offenlegung an Dritte ohne vorherige Genehmigung von \u201eIZI LLC\u201c verboten.&lt;br&gt;&lt;br&gt;4. Es ist geplant, eine Videoaufzeichnung des Vortrags f\u00fcr eine Dauer von 7 Tagen nach dem Vortrag zu ver\u00f6ffentlichen, sollte der registrierte Teilnehmer, aus irgendeinem Grund, am Tag des Vortrags keine M\u00f6glichkeit haben, live dabei zu sein.&lt;br&gt;&lt;br&gt;5. Bei der Teilnahme am Vortrag bitten wir Sie, keine unn\u00f6tigen elektronischen Ger\u00e4te zu benutzen. Alle von IZI LLC gesponserten SITH\u00ae-Vortrage und Seminare, ob pers\u00f6nlich oder ONLINE, sind spirituelle Veranstaltungen. Wir pr\u00e4sentieren Ihnen diese Veranstaltungen mit gro\u00dfer Sorgfalt, spiritueller Reinigung und Respekt. Daher bitten wir Sie, sich w\u00e4hrend des Vortrags nicht mit elektronischen Kommunikationsmitteln wie SMS, E-Mails und\/oder Telefonanrufen zu besch\u00e4ftigen (au\u00dfer in Notf\u00e4llen). Wir bitten auch darum, dass alle anderen elektronischen Ger\u00e4te, die nicht f\u00fcr den Unterricht verwendet werden, ausgeschaltet werden. Die Teilnahme an aktiver sozialer Kommunikation w\u00e4hrend der Unterrichtspr\u00e4sentationen und die Verwendung unn\u00f6tiger elektronischer Ger\u00e4te beeintr\u00e4chtigen die Sakralit\u00e4t des Unterrichts. Die Folgen dieser Handlungen k\u00f6nnten f\u00fcr Sie, Ihre Familie, Verwandten und Vorfahren enorm sein. Es liegt in unserer Verantwortung, Sie dar\u00fcber zu informieren.\" aria-errormessage=\"wpforms-762-field_5_1-error\" required ><label class=\"wpforms-field-label-inline\" for=\"wpforms-762-field_5_1\">1. Die Teilnehmer melden sich als eine Person an und werden gebeten, den Link f\u00fcr den Vortrag nicht weiterzugeben oder andere einzuladen, sich den Vortrag anzusehen. Jede Person, die an dem Vortrag teilnehmen m\u00f6chte, muss sich als rechtm\u00e4\u00dfiger Teilnehmer registrieren und einschreiben. Die Teilnahme und das Anschauen des Vortrags ist nur f\u00fcr die Person m\u00f6glich, die sich angemeldet hat. Wenn Sie andere Personen haben, die an dem Vortrag teilnehmen m\u00f6chten, m\u00f6gen sie sich \u00fcber die Website anmelden.<br><br>2. Audio- und Videoaufnahmen sowie Fotografieren sind aus urheberrechtlichen Gr\u00fcnden strengstens untersagt.<br><br>3. Die \u201eIZI LLC\u201c ist Eigent\u00fcmerin aller Informationen, Urheberrechte, Trademarks und aller anderen geistigen Eigentumsrechte, die in den Vortr\u00e4gen\/Vortragen vermittelt werden. Daher ist die Weitergabe, Vervielf\u00e4ltigung, das Kopieren, der Vertrieb, der Verkauf, die Bereitstellung, die Werbung oder die sonstige Offenlegung an Dritte ohne vorherige Genehmigung von \u201eIZI LLC\u201c verboten.<br><br>4. Es ist geplant, eine Videoaufzeichnung des Vortrags f\u00fcr eine Dauer von 7 Tagen nach dem Vortrag zu ver\u00f6ffentlichen, sollte der registrierte Teilnehmer, aus irgendeinem Grund, am Tag des Vortrags keine M\u00f6glichkeit haben, live dabei zu sein.<br><br>5. Bei der Teilnahme am Vortrag bitten wir Sie, keine unn\u00f6tigen elektronischen Ger\u00e4te zu benutzen. Alle von IZI LLC gesponserten SITH\u00ae-Vortrage und Seminare, ob pers\u00f6nlich oder ONLINE, sind spirituelle Veranstaltungen. Wir pr\u00e4sentieren Ihnen diese Veranstaltungen mit gro\u00dfer Sorgfalt, spiritueller Reinigung und Respekt. Daher bitten wir Sie, sich w\u00e4hrend des Vortrags nicht mit elektronischen Kommunikationsmitteln wie SMS, E-Mails und\/oder Telefonanrufen zu besch\u00e4ftigen (au\u00dfer in Notf\u00e4llen). Wir bitten auch darum, dass alle anderen elektronischen Ger\u00e4te, die nicht f\u00fcr den Unterricht verwendet werden, ausgeschaltet werden. Die Teilnahme an aktiver sozialer Kommunikation w\u00e4hrend der Unterrichtspr\u00e4sentationen und die Verwendung unn\u00f6tiger elektronischer Ger\u00e4te beeintr\u00e4chtigen die Sakralit\u00e4t des Unterrichts. Die Folgen dieser Handlungen k\u00f6nnten f\u00fcr Sie, Ihre Familie, Verwandten und Vorfahren enorm sein. Es liegt in unserer Verantwortung, Sie dar\u00fcber zu informieren.<\/label><\/li><\/ul><\/fieldset><\/div><div id=\"wpforms-762-field_14-container\" class=\"wpforms-field wpforms-field-stripe-credit-card wpforms-conditional-field wpforms-conditional-show\" data-field-id=\"14\" style=\"display:none;\"><label class=\"wpforms-field-label\">Stripe-Kreditkarte <span class=\"wpforms-required-label\" aria-hidden=\"true\">*<\/span><\/label><div class=\"wpforms-field-row wpforms-no-columns wpforms-field-medium \" data-sublabel-position=\"above\" data-link-email=\"\" data-required=\"1\"><div id=\"wpforms-field-stripe-link-element-762\"><\/div><div id=\"wpforms-field-stripe-payment-element-762\"><\/div><input type=\"text\" class=\"wpforms-stripe-credit-card-hidden-input\" name=\"wpforms[stripe-credit-card-hidden-input-762]\" disabled style=\"display: none;\"><\/div><\/div><script>\n\t\t\t\t( function() {\n\t\t\t\t\tconst style = document.createElement( 'style' );\n\t\t\t\t\tstyle.appendChild( document.createTextNode( '#wpforms-762-field_2-container { position: absolute !important; overflow: hidden !important; display: inline !important; height: 1px !important; width: 1px !important; z-index: -1000 !important; padding: 0 !important; } #wpforms-762-field_2-container input { visibility: hidden; } #wpforms-conversational-form-page #wpforms-762-field_2-container label { counter-increment: none; }' ) );\n\t\t\t\t\tdocument.head.appendChild( style );\n\t\t\t\t\tdocument.currentScript?.remove();\n\t\t\t\t} )();\n\t\t\t<\/script><\/div><!-- .wpforms-field-container --><div class=\"wpforms-submit-container\" ><input type=\"hidden\" name=\"wpforms[id]\" value=\"762\"><input type=\"hidden\" name=\"page_title\" value=\"\"><input type=\"hidden\" name=\"page_url\" value=\"https:\/\/hooponoponosouthafrica.com\/de\/wp-json\/wp\/v2\/pages\/492\"><input type=\"hidden\" name=\"url_referer\" value=\"\"><button type=\"submit\" name=\"wpforms[submit]\" id=\"wpforms-submit-762\" class=\"wpforms-submit\" data-alt-text=\"Wird gesendet\u00a0\u2026\" data-submit-text=\"Absenden\" aria-live=\"assertive\" value=\"wpforms-submit\">Absenden<\/button><img loading=\"lazy\" decoding=\"async\" src=\"https:\/\/hooponoponosouthafrica.com\/wp-content\/plugins\/wpforms\/assets\/images\/submit-spin.svg\" class=\"wpforms-submit-spinner\" style=\"display: none;\" width=\"26\" height=\"26\" alt=\"Wird geladen\"><\/div><\/form><\/div>  <!-- .wpforms-container --><\/div>\n<\/div>\n<\/div><\/div>\n<\/div>\n<\/div>\n\n\n\n<p><\/p>\n","protected":false},"excerpt":{"rendered":"<p>Die von IZI LLC gef\u00f6rderten SITH\u00ae-Vortr\u00e4ge er\u00f6ffnen dir einen kraftvollen Zugang zur Lehre der Selbst-Identit\u00e4t durch Ho&#8217;oponopono\u00ae. Sie laden dich ein, dich auf eine innere Reise zu begeben \u2013 hin zu mehr Klarheit, innerem Frieden und dem bewussten Erkennen deines wahren Seins. Neben der M\u00f6glichkeit, Fragen zu stellen, erh\u00e4ltst du einfache, aber tiefgreifende Reinigungstools, die &#8230; <a title=\"Vortr\u00e4ge\" class=\"read-more\" href=\"https:\/\/hooponoponosouthafrica.com\/de\/vortraege\/\" aria-label=\"Mehr Informationen \u00fcber Vortr\u00e4ge\">Weiterlesen<\/a><\/p>\n","protected":false},"author":2,"featured_media":0,"parent":0,"menu_order":0,"comment_status":"closed","ping_status":"closed","template":"","meta":{"_acf_changed":false,"slim_seo":{"title":"Vortr\u00e4ge - Ho&#039;oponopono South Africa","description":"Die von IZI LLC gef\u00f6rderten SITH\u00ae-Vortr\u00e4ge er\u00f6ffnen dir einen kraftvollen Zugang zur Lehre der Selbst-Identit\u00e4t durch Ho'oponopono\u00ae. Sie laden dich ein, dich au"},"footnotes":""},"class_list":["post-492","page","type-page","status-publish"],"acf":[],"_links":{"self":[{"href":"https:\/\/hooponoponosouthafrica.com\/de\/wp-json\/wp\/v2\/pages\/492","targetHints":{"allow":["GET"]}}],"collection":[{"href":"https:\/\/hooponoponosouthafrica.com\/de\/wp-json\/wp\/v2\/pages"}],"about":[{"href":"https:\/\/hooponoponosouthafrica.com\/de\/wp-json\/wp\/v2\/types\/page"}],"author":[{"embeddable":true,"href":"https:\/\/hooponoponosouthafrica.com\/de\/wp-json\/wp\/v2\/users\/2"}],"replies":[{"embeddable":true,"href":"https:\/\/hooponoponosouthafrica.com\/de\/wp-json\/wp\/v2\/comments?post=492"}],"version-history":[{"count":8,"href":"https:\/\/hooponoponosouthafrica.com\/de\/wp-json\/wp\/v2\/pages\/492\/revisions"}],"predecessor-version":[{"id":868,"href":"https:\/\/hooponoponosouthafrica.com\/de\/wp-json\/wp\/v2\/pages\/492\/revisions\/868"}],"wp:attachment":[{"href":"https:\/\/hooponoponosouthafrica.com\/de\/wp-json\/wp\/v2\/media?parent=492"}],"curies":[{"name":"wp","href":"https:\/\/api.w.org\/{rel}","templated":true}]}}