{"id":227,"date":"2025-01-28T17:57:55","date_gmt":"2025-01-28T16:57:55","guid":{"rendered":"https:\/\/heilauftrag.de\/?page_id=227"},"modified":"2026-03-07T12:00:13","modified_gmt":"2026-03-07T11:00:13","slug":"seminar-in-abwesenheit","status":"publish","type":"page","link":"https:\/\/hooponoponosouthafrica.com\/de\/seminar-in-abwesenheit\/","title":{"rendered":"Seminarteilnahme in Abwesenheit"},"content":{"rendered":"\n<p class=\"has-text-align-center\"><strong>Teilnehmer in Abwesenheit sind herzlich willkommen!&nbsp;<\/strong><\/p>\n\n\n\n<p class=\"has-text-align-center\">Jede Identit\u00e4t kann sich als Teilnehmer in Abwesenheit f\u00fcr ein Self I-Dentity through Ho&#8217;oponopono\u00ae-Seminar anmelden.&nbsp;<\/p>\n\n\n\n<p class=\"has-text-align-center\"><strong>Beschreibung der Teilnahme in Abwesenheit<\/strong><\/p>\n\n\n\n<p class=\"has-text-align-center\"><strong>(World Wide Absentee WWA)<\/strong><\/p>\n\n\n\n<p>IZI LLC ist sehr dankbar f\u00fcr die Er\u00f6ffnung der weltweiten Teilnahme in Abwesenheit. Damit besteht die M\u00f6glichkeit, dass mehr I-Dentit\u00e4ten an der Reinigung teilnehmen k\u00f6nnen. Aus der Meditation mit Dr. Hew Len: &#8222;Jede I-Dentit\u00e4t kann sich anmelden, um den Kurs der Selbst-I-Dentit\u00e4t durch Ho&#8217;oponopono\u00ae in Abwesenheit zu besuchen.&#8220;<\/p>\n\n\n\n<p>Somit kann sich jede Identit\u00e4t f\u00fcr&nbsp;jedes&nbsp;IZI LLC SITH\u00ae-Seminar als weltweiter Teilnehmer in Abwesenheit registrieren: Familienmitglieder, Kinder, Ehepartner, Lebenspartner, Freunde, Autos, Business, H\u00e4user, Haustiere, Meere, Fl\u00fcsse, Berge \u2026<\/p>\n\n\n\n<p>Der Anmelder (die Person, die die Anmeldung ausf\u00fchrt und die Geb\u00fchr bezahlt) kann jeden beliebigen Teilnehmer (Identit\u00e4t) registrieren.<\/p>\n\n\n\n<p>Es ist nicht notwendig, dass der Teilnehmer in Abwesenheit bereits ein IZI LLC SITH\u00ae-Seminar absolviert haben muss \u2013 mit Ausnahme der Teilnehmer aus Asien und mit Ausnahme der Teilnahme in Abwesenheit am BASIS II-Seminar, hier sind Voraussetzungen notwendig, die \u00fcber den Koordinator abgerufen werden k\u00f6nnen.<\/p>\n\n\n\n<ul class=\"wp-block-list\">\n<li>Sowie die Anmeldung und finanzielle Abwicklung abgeschlossen ist, wird der Teilnehmer in die Liste der weltweit registrierten Teilnehmer eingetragen. Das Cleaning startet mit der Anmeldung. Eine fr\u00fchzeitige Anmeldung erm\u00f6glicht ein fr\u00fchzeitiges Cleanen. Die Liste der weltweiten Teilnehmer in Abwesenheit wird an jedem Wochentag an die 3 Gesellschafter (Kamailelauli\u2019I Rafaelovich, Constance ZHoku=Pana Webber und Mary Koehler &#8211; My Wild Irish Rose) sowie an alle IZI LLC Koordinatoren und Ausbilder verschickt.<\/li>\n\n\n\n<li>W\u00e4hrend des SITH\u00ae-Seminars sind alle weltweiten Teilnehmer in Abwesenheit im Seminarraum gelistet.<\/li>\n<\/ul>\n\n\n\n<p>Was Dr. Hew Len zu den SITH\u00ae-Events schrieb:<\/p>\n\n\n\n<p>&#8222;Dies ist die Lebenszeit, um du selbst zu sein: rein im Herzen und frei von Angst und Kummer. Selbst I-Dentit\u00e4t durch Ho&#8217;oponopono\u00ae f\u00fchrt dich durch die Reinigung von Erinnerungen, die Angst und Kummer wiederholen, zur Reinheit deines Selbst zur\u00fcck.<\/p>\n\n\n\n<p>Aus der Reinheit deines Herzens kommt automatisch das Licht. Das Licht, die Erleuchtung, stellt dir alles zur Verf\u00fcgung, was f\u00fcr dich perfekt ist: perfekte Familien- und Gesch\u00e4ftsbeziehungen, perfekte Quellen des Wohlstands und perfekte F\u00e4higkeiten und Ideen.<\/p>\n\n\n\n<p>Alles steht dir JETZT zur Verf\u00fcgung. Du allein musst die Wahl treffen: mit Angst und Kummer zu leben oder das Licht der Vollkommenheit zu leben.&#8220;<\/p>\n\n\n\n<p><strong>Geb\u00fchr: 2.700 ZAR<\/strong><\/p>\n\n\n\n<p>Eine Auswahl aller Seminare f\u00fcr die Teilnahme in Abwesenheit findest du &nbsp;<a href=\"https:\/\/www.self-i-dentity-through-hooponopono.com\/learn-self-i-dentity-through-hooponopono\/\" target=\"_blank\" rel=\"noreferrer noopener\">hier<\/a>. Wenn du dir ein Seminar ausgesucht hast, kannst du dich \u00fcber den Button&nbsp;<em>Anmeldung zur Teilnahme in Abwesenheit<\/em>&nbsp;anmelden.&nbsp;<\/p>\n\n\n\n<div class=\"gb-element-cfb15cf9\">\n<a class=\"gb-text gbp-button--primary\" href=\"https:\/\/hooponoponosouthafrica.com\/weltweite-teilnahme-in-abwesenheit-wwa-anmeldung\/\">Anmeldung zur weltweiten Teilnahme in Abwesenheit<\/a>\n<\/div>\n\n\n\n<p>R\u00fcckerstattungsregelung f\u00fcr die weltweite Teilnahme in Abwesenheit:&nbsp;<\/p>\n\n\n\n<p>Nach erfolgter Anmeldung ist keine R\u00fcckerstattung der Geb\u00fchr f\u00fcr die weltweite Teilnahme in Abwesenheit m\u00f6glich.<\/p>\n\n\n\n<p>Widerrufsbelehrung f\u00fcr die weltweite Teilnahme in Abwesenheit:<\/p>\n\n\n\n<p>Im Falle einer Seminarabsage werden keine Teilnahmegeb\u00fchren zur\u00fcck erstattet. Sowie sich ein Teilnehmer angemeldet hat, startet das t\u00e4gliche Cleaning.<\/p>\n\n\n\n<p>Sollte ein Seminar abgesagt werden, kann sich der Teilnehmer, \u00fcber den gleichen Koordinator, ein anderes Seminar f\u00fcr seine Teilnahme in Abwesenheit aus der Seminar-Liste aussuchen. Das Cleaning wird ohne Unterbrechung fortgef\u00fchrt.<\/p>\n\n\n\n<p>Nach Beendigung des Reinigungsprozesses erh\u00e4lt jeder Teilnehmer eine Teilnahmebest\u00e4tigung.<\/p>\n","protected":false},"excerpt":{"rendered":"<p>Teilnehmer in Abwesenheit sind herzlich willkommen!&nbsp; Jede Identit\u00e4t kann sich als Teilnehmer in Abwesenheit f\u00fcr ein Self I-Dentity through Ho&#8217;oponopono\u00ae-Seminar anmelden.&nbsp; Beschreibung der Teilnahme in Abwesenheit (World Wide Absentee WWA) IZI LLC ist sehr dankbar f\u00fcr die Er\u00f6ffnung der weltweiten Teilnahme in Abwesenheit. Damit besteht die M\u00f6glichkeit, dass mehr I-Dentit\u00e4ten an der Reinigung teilnehmen k\u00f6nnen. &#8230; <a title=\"Seminarteilnahme in Abwesenheit\" class=\"read-more\" href=\"https:\/\/hooponoponosouthafrica.com\/de\/seminar-in-abwesenheit\/\" aria-label=\"Mehr Informationen \u00fcber Seminarteilnahme in Abwesenheit\">Weiterlesen<\/a><\/p>\n","protected":false},"author":1,"featured_media":0,"parent":0,"menu_order":0,"comment_status":"closed","ping_status":"closed","template":"","meta":{"_acf_changed":false,"slim_seo":{"title":"Seminarteilnahme in Abwesenheit - Ho&#039;oponopono South Africa","description":"Teilnehmer in Abwesenheit sind herzlich willkommen!&nbsp; Jede Identit\u00e4t kann sich als Teilnehmer in Abwesenheit f\u00fcr ein Self I-Dentity through Ho'oponopono\u00ae-Se"},"footnotes":""},"class_list":["post-227","page","type-page","status-publish"],"acf":[],"_links":{"self":[{"href":"https:\/\/hooponoponosouthafrica.com\/de\/wp-json\/wp\/v2\/pages\/227","targetHints":{"allow":["GET"]}}],"collection":[{"href":"https:\/\/hooponoponosouthafrica.com\/de\/wp-json\/wp\/v2\/pages"}],"about":[{"href":"https:\/\/hooponoponosouthafrica.com\/de\/wp-json\/wp\/v2\/types\/page"}],"author":[{"embeddable":true,"href":"https:\/\/hooponoponosouthafrica.com\/de\/wp-json\/wp\/v2\/users\/1"}],"replies":[{"embeddable":true,"href":"https:\/\/hooponoponosouthafrica.com\/de\/wp-json\/wp\/v2\/comments?post=227"}],"version-history":[{"count":5,"href":"https:\/\/hooponoponosouthafrica.com\/de\/wp-json\/wp\/v2\/pages\/227\/revisions"}],"predecessor-version":[{"id":847,"href":"https:\/\/hooponoponosouthafrica.com\/de\/wp-json\/wp\/v2\/pages\/227\/revisions\/847"}],"wp:attachment":[{"href":"https:\/\/hooponoponosouthafrica.com\/de\/wp-json\/wp\/v2\/media?parent=227"}],"curies":[{"name":"wp","href":"https:\/\/api.w.org\/{rel}","templated":true}]}}