{"id":216,"date":"2025-01-28T17:47:51","date_gmt":"2025-01-28T16:47:51","guid":{"rendered":"https:\/\/heilauftrag.de\/?page_id=216"},"modified":"2026-03-12T09:04:26","modified_gmt":"2026-03-12T08:04:26","slug":"weltweite-teilnahme-in-abwesenheit-wwa-anmeldung","status":"publish","type":"page","link":"https:\/\/hooponoponosouthafrica.com\/de\/weltweite-teilnahme-in-abwesenheit-wwa-anmeldung\/","title":{"rendered":"Weltweite Teilnahme in Abwesenheit (WWA) Anmeldung"},"content":{"rendered":"\n<div class=\"gb-element-41bd38a7\"><style id=\"wpforms-css-vars-213-block-e46f978f-7683-4795-82c0-c4b338326e2d\">\n\t\t\t\t#wpforms-213.wpforms-block-e46f978f-7683-4795-82c0-c4b338326e2d {\n\t\t\t\t--wpforms-field-size-input-height: 43px;\n--wpforms-field-size-input-spacing: 15px;\n--wpforms-field-size-font-size: 16px;\n--wpforms-field-size-line-height: 19px;\n--wpforms-field-size-padding-h: 14px;\n--wpforms-field-size-checkbox-size: 16px;\n--wpforms-field-size-sublabel-spacing: 5px;\n--wpforms-field-size-icon-size: 1;\n--wpforms-label-size-font-size: 16px;\n--wpforms-label-size-line-height: 19px;\n--wpforms-label-size-sublabel-font-size: 14px;\n--wpforms-label-size-sublabel-line-height: 17px;\n--wpforms-button-size-font-size: 17px;\n--wpforms-button-size-height: 41px;\n--wpforms-button-size-padding-h: 15px;\n--wpforms-button-size-margin-top: 10px;\n--wpforms-container-shadow-size-box-shadow: none;\n\t\t\t}\n\t\t\t<\/style><div class=\"wpforms-container wpforms-container-full wpforms-stripe wpforms-block wpforms-block-e46f978f-7683-4795-82c0-c4b338326e2d wpforms-render-modern\" id=\"wpforms-213\"><form id=\"wpforms-form-213\" class=\"wpforms-validate wpforms-form wpforms-ajax-form\" data-formid=\"213\" method=\"post\" enctype=\"multipart\/form-data\" action=\"\/de\/wp-json\/wp\/v2\/pages\/216\" data-token=\"5a52e89649b4ae8285d9a230c3aefd0e\" data-token-time=\"1778711305\"><noscript class=\"wpforms-error-noscript\">Bitte aktiviere JavaScript in deinem Browser, um dieses Formular fertigzustellen.<\/noscript><div id=\"wpforms-error-noscript\" style=\"display: none;\">Bitte aktiviere JavaScript in deinem Browser, um dieses Formular fertigzustellen.<\/div><div class=\"wpforms-field-container\"><div id=\"wpforms-213-field_1-container\" class=\"wpforms-field wpforms-field-name\" data-field-id=\"1\"><fieldset><legend class=\"wpforms-field-label\">Registrant Name <span class=\"wpforms-required-label\" aria-hidden=\"true\">*<\/span><\/legend><div class=\"wpforms-field-row wpforms-field-large\"><div class=\"wpforms-field-row-block wpforms-first wpforms-one-half\"><input type=\"text\" id=\"wpforms-213-field_1\" class=\"wpforms-field-name-first wpforms-field-required\" name=\"wpforms[fields][1][first]\" aria-errormessage=\"wpforms-213-field_1-error\" required><label for=\"wpforms-213-field_1\" class=\"wpforms-field-sublabel after\">Vorname<\/label><\/div><div class=\"wpforms-field-row-block wpforms-one-half\"><input type=\"text\" id=\"wpforms-213-field_1-last\" class=\"wpforms-field-name-last wpforms-field-required\" name=\"wpforms[fields][1][last]\" aria-errormessage=\"wpforms-213-field_1-last-error\" required><label for=\"wpforms-213-field_1-last\" class=\"wpforms-field-sublabel after\">Nachname<\/label><\/div><\/div><\/fieldset><\/div><div id=\"wpforms-213-field_2-container\" class=\"wpforms-field wpforms-field-email\" data-field-id=\"2\"><label class=\"wpforms-field-label\" for=\"wpforms-213-field_2\">Registrant E-Mail-Adresse <span class=\"wpforms-required-label\" aria-hidden=\"true\">*<\/span><\/label><input type=\"email\" id=\"wpforms-213-field_2\" class=\"wpforms-field-large wpforms-field-required\" name=\"wpforms[fields][2]\" spellcheck=\"false\" aria-errormessage=\"wpforms-213-field_2-error\" required><\/div><div id=\"wpforms-213-field_3-container\" class=\"wpforms-field wpforms-field-text\" data-field-id=\"3\"><label class=\"wpforms-field-label\" for=\"wpforms-213-field_3\">Registrant Adresse <span class=\"wpforms-required-label\" aria-hidden=\"true\">*<\/span><\/label><input type=\"text\" id=\"wpforms-213-field_3\" class=\"wpforms-field-large wpforms-field-required\" name=\"wpforms[fields][3]\" aria-errormessage=\"wpforms-213-field_3-error\" required><\/div><div id=\"wpforms-213-field_4-container\" class=\"wpforms-field wpforms-field-name\" data-field-id=\"4\"><fieldset><legend class=\"wpforms-field-label\">Teilnehmer Name <span class=\"wpforms-required-label\" aria-hidden=\"true\">*<\/span><\/legend><div class=\"wpforms-field-row wpforms-field-large\"><div class=\"wpforms-field-row-block wpforms-first wpforms-one-half\"><input type=\"text\" id=\"wpforms-213-field_4\" class=\"wpforms-field-name-first wpforms-field-required\" name=\"wpforms[fields][4][first]\" aria-errormessage=\"wpforms-213-field_4-error\" required><label for=\"wpforms-213-field_4\" class=\"wpforms-field-sublabel after\">Vorname<\/label><\/div><div class=\"wpforms-field-row-block wpforms-one-half\"><input type=\"text\" id=\"wpforms-213-field_4-last\" class=\"wpforms-field-name-last wpforms-field-required\" name=\"wpforms[fields][4][last]\" aria-errormessage=\"wpforms-213-field_4-last-error\" required><label for=\"wpforms-213-field_4-last\" class=\"wpforms-field-sublabel after\">Nachname<\/label><\/div><\/div><\/fieldset><\/div><div id=\"wpforms-213-field_5-container\" class=\"wpforms-field wpforms-field-text\" data-field-id=\"5\"><label class=\"wpforms-field-label\" for=\"wpforms-213-field_5\">Ort des gew\u00e4hlten Seminars <span class=\"wpforms-required-label\" aria-hidden=\"true\">*<\/span><\/label><input type=\"text\" id=\"wpforms-213-field_5\" class=\"wpforms-field-large wpforms-field-required\" name=\"wpforms[fields][5]\" aria-errormessage=\"wpforms-213-field_5-error\" required><\/div><div id=\"wpforms-213-field_6-container\" class=\"wpforms-field wpforms-field-text\" data-field-id=\"6\"><label class=\"wpforms-field-label\" for=\"wpforms-213-field_6\">Datum des gew\u00e4hlten Seminars <span class=\"wpforms-required-label\" aria-hidden=\"true\">*<\/span><\/label><input type=\"text\" id=\"wpforms-213-field_6\" class=\"wpforms-field-large wpforms-field-required\" name=\"wpforms[fields][6]\" aria-errormessage=\"wpforms-213-field_6-error\" required><\/div><div id=\"wpforms-213-field_7-container\" class=\"wpforms-field wpforms-field-textarea\" data-field-id=\"7\"><label class=\"wpforms-field-label\" for=\"wpforms-213-field_7\">Nachricht<\/label><textarea id=\"wpforms-213-field_7\" class=\"wpforms-field-small\" name=\"wpforms[fields][7]\" aria-errormessage=\"wpforms-213-field_7-error\" ><\/textarea><\/div><div id=\"wpforms-213-field_11-container\" class=\"wpforms-field wpforms-field-select wpforms-conditional-trigger wpforms-field-select-style-classic\" data-field-id=\"11\"><label class=\"wpforms-field-label\" for=\"wpforms-213-field_11\">Ich m\u00f6chte zahlen mit <span class=\"wpforms-required-label\" aria-hidden=\"true\">*<\/span><\/label><select id=\"wpforms-213-field_11\" class=\"wpforms-field-medium wpforms-field-required\" name=\"wpforms[fields][11]\" required=\"required\"><option value=\"bitte ausw\u00e4hlen\"  class=\"choice-1 depth-1\"  >bitte ausw\u00e4hlen<\/option><option value=\"PayPal\"  class=\"choice-2 depth-1\"  >PayPal<\/option><option value=\"Bank\u00fcberweisung\"  class=\"choice-3 depth-1\"  >Bank\u00fcberweisung<\/option><\/select><\/div><div id=\"wpforms-213-field_12-container\" class=\"wpforms-field wpforms-field-checkbox wpforms-conditional-field wpforms-conditional-show\" data-field-id=\"12\" style=\"display:none;\"><fieldset><legend class=\"wpforms-field-label\">Zahlung mit Bank\u00fcberweisung<\/legend><ul id=\"wpforms-213-field_12\"><li class=\"choice-1 depth-1\"><input type=\"checkbox\" id=\"wpforms-213-field_12_1\" name=\"wpforms[fields][12][]\" value=\"Irene Schwonek | IBAN: DE64 7019 0000 0002442914 | BIC: GENODEF1M01\" aria-errormessage=\"wpforms-213-field_12_1-error\"  ><label class=\"wpforms-field-label-inline\" for=\"wpforms-213-field_12_1\">Irene Schwonek | IBAN: DE64 7019 0000 0002442914 | BIC: GENODEF1M01<\/label><\/li><\/ul><\/fieldset><\/div><div id=\"wpforms-213-field_10-container\" class=\"wpforms-field wpforms-field-payment-checkbox wpforms-conditional-field wpforms-conditional-show wpforms-conditional-trigger\" data-field-id=\"10\" style=\"display:none;\"><fieldset><legend class=\"wpforms-field-label\">Zahlung mit Kreditkarte<\/legend><ul id=\"wpforms-213-field_10\"><li class=\"choice-1\"><input type=\"checkbox\" id=\"wpforms-213-field_10_1\" class=\"wpforms-payment-price\" data-amount=\"2,700.00\" name=\"wpforms[fields][10][]\" value=\"1\" aria-errormessage=\"wpforms-213-field_10_1-error\"  ><label class=\"wpforms-field-label-inline\" for=\"wpforms-213-field_10_1\">Teilnahme in Abwesenheit &#8211; <span class=\"wpforms-currency-symbol\">R2,700.00<\/span><\/label><\/li><\/ul><\/fieldset><\/div>\t\t<div id=\"wpforms-213-field_8-container\"\n\t\t\tclass=\"wpforms-field wpforms-field-text\"\n\t\t\tdata-field-type=\"text\"\n\t\t\tdata-field-id=\"8\"\n\t\t\t>\n\t\t\t<label class=\"wpforms-field-label\" for=\"wpforms-213-field_8\" >mit gew\u00e4hlten Ich<\/label>\n\t\t\t<input type=\"text\" id=\"wpforms-213-field_8\" class=\"wpforms-field-medium\" name=\"wpforms[fields][8]\" >\n\t\t<\/div>\n\t\t<div id=\"wpforms-213-field_13-container\" class=\"wpforms-field wpforms-field-stripe-credit-card wpforms-conditional-field wpforms-conditional-show\" data-field-id=\"13\" style=\"display:none;\"><label class=\"wpforms-field-label\">Stripe-Kreditkarte <span class=\"wpforms-required-label\" aria-hidden=\"true\">*<\/span><\/label><div class=\"wpforms-field-row wpforms-no-columns wpforms-field-medium \" data-sublabel-position=\"above\" data-link-email=\"\" data-required=\"1\"><div id=\"wpforms-field-stripe-link-element-213\"><\/div><div id=\"wpforms-field-stripe-payment-element-213\"><\/div><input type=\"text\" class=\"wpforms-stripe-credit-card-hidden-input\" name=\"wpforms[stripe-credit-card-hidden-input-213]\" disabled style=\"display: none;\"><\/div><\/div><script>\n\t\t\t\t( function() {\n\t\t\t\t\tconst style = document.createElement( 'style' );\n\t\t\t\t\tstyle.appendChild( document.createTextNode( '#wpforms-213-field_8-container { position: absolute !important; overflow: hidden !important; display: inline !important; height: 1px !important; width: 1px !important; z-index: -1000 !important; padding: 0 !important; } #wpforms-213-field_8-container input { visibility: hidden; } #wpforms-conversational-form-page #wpforms-213-field_8-container label { counter-increment: none; }' ) );\n\t\t\t\t\tdocument.head.appendChild( style );\n\t\t\t\t\tdocument.currentScript?.remove();\n\t\t\t\t} )();\n\t\t\t<\/script><\/div><!-- .wpforms-field-container --><div class=\"wpforms-submit-container\" ><input type=\"hidden\" name=\"wpforms[id]\" value=\"213\"><input type=\"hidden\" name=\"page_title\" value=\"\"><input type=\"hidden\" name=\"page_url\" value=\"https:\/\/hooponoponosouthafrica.com\/de\/wp-json\/wp\/v2\/pages\/216\"><input type=\"hidden\" name=\"url_referer\" value=\"\"><button type=\"submit\" name=\"wpforms[submit]\" id=\"wpforms-submit-213\" class=\"wpforms-submit\" data-alt-text=\"Wird gesendet\u00a0\u2026\" data-submit-text=\"Formular senden\" aria-live=\"assertive\" value=\"wpforms-submit\">Formular senden<\/button><img loading=\"lazy\" decoding=\"async\" src=\"https:\/\/hooponoponosouthafrica.com\/wp-content\/plugins\/wpforms\/assets\/images\/submit-spin.svg\" class=\"wpforms-submit-spinner\" style=\"display: none;\" width=\"26\" height=\"26\" alt=\"Wird geladen\"><\/div><\/form><\/div>  <!-- .wpforms-container --><\/div>\n\n\n\n<p class=\"has-text-align-center\">Bitte \u00fcberweisen Sie den Betrag in H\u00f6he von 2,700 ZAR an:<\/p>\n\n\n\n<p class=\"has-text-align-center\">PayPal &#8211; office@hooponoponogermany.de<\/p>\n\n\n\n<p class=\"has-text-align-center\">oder<\/p>\n\n\n\n<p class=\"has-text-align-center\">M\u00fcnchner Bank | Irene Schwonek | DE64 7019 0000 000 2442914 | Genodef 1M01<\/p>\n","protected":false},"excerpt":{"rendered":"<p>Bitte \u00fcberweisen Sie den Betrag in H\u00f6he von 2,700 ZAR an: PayPal &#8211; office@hooponoponogermany.de oder M\u00fcnchner Bank | Irene Schwonek | DE64 7019 0000 000 2442914 | Genodef 1M01<\/p>\n","protected":false},"author":1,"featured_media":0,"parent":0,"menu_order":0,"comment_status":"closed","ping_status":"closed","template":"","meta":{"_acf_changed":false,"slim_seo":{"title":"Weltweite Teilnahme in Abwesenheit (WWA) Anmeldung - Ho&#039;oponopono South Africa","description":"Bitte \u00fcberweisen Sie den Betrag in H\u00f6he von 2,700 ZAR an: PayPal - office@hooponoponogermany.de oder M\u00fcnchner Bank | Irene Schwonek | DE64 7019 0000 000 2442914"},"footnotes":""},"class_list":["post-216","page","type-page","status-publish"],"acf":[],"_links":{"self":[{"href":"https:\/\/hooponoponosouthafrica.com\/de\/wp-json\/wp\/v2\/pages\/216","targetHints":{"allow":["GET"]}}],"collection":[{"href":"https:\/\/hooponoponosouthafrica.com\/de\/wp-json\/wp\/v2\/pages"}],"about":[{"href":"https:\/\/hooponoponosouthafrica.com\/de\/wp-json\/wp\/v2\/types\/page"}],"author":[{"embeddable":true,"href":"https:\/\/hooponoponosouthafrica.com\/de\/wp-json\/wp\/v2\/users\/1"}],"replies":[{"embeddable":true,"href":"https:\/\/hooponoponosouthafrica.com\/de\/wp-json\/wp\/v2\/comments?post=216"}],"version-history":[{"count":4,"href":"https:\/\/hooponoponosouthafrica.com\/de\/wp-json\/wp\/v2\/pages\/216\/revisions"}],"predecessor-version":[{"id":867,"href":"https:\/\/hooponoponosouthafrica.com\/de\/wp-json\/wp\/v2\/pages\/216\/revisions\/867"}],"wp:attachment":[{"href":"https:\/\/hooponoponosouthafrica.com\/de\/wp-json\/wp\/v2\/media?parent=216"}],"curies":[{"name":"wp","href":"https:\/\/api.w.org\/{rel}","templated":true}]}}