{"id":206,"date":"2025-01-28T16:43:33","date_gmt":"2025-01-28T15:43:33","guid":{"rendered":"https:\/\/heilauftrag.de\/?page_id=206"},"modified":"2026-03-13T15:48:46","modified_gmt":"2026-03-13T14:48:46","slug":"instructor","status":"publish","type":"page","link":"https:\/\/hooponoponosouthafrica.com\/de\/instructor\/","title":{"rendered":"Instructors"},"content":{"rendered":"\n<div class=\"gbp-section gb-element-df9a109e\">\n<div class=\"gbp-section__inner gb-element-48f43ea3\">\n<div class=\"gb-element-f358d40f\">\n<img loading=\"lazy\" decoding=\"async\" width=\"1920\" height=\"1282\" class=\"gb-media-bcc10600\" src=\"https:\/\/hooponoponosouthafrica.com\/wp-content\/uploads\/2025\/01\/Irene20234.1-1920w.webp\" srcset=\"https:\/\/hooponoponosouthafrica.com\/wp-content\/uploads\/2025\/01\/Irene20234.1-1920w.webp 1920w, https:\/\/hooponoponosouthafrica.com\/wp-content\/uploads\/2025\/01\/Irene20234.1-1920w-300x200.webp 300w, https:\/\/hooponoponosouthafrica.com\/wp-content\/uploads\/2025\/01\/Irene20234.1-1920w-1024x684.webp 1024w, https:\/\/hooponoponosouthafrica.com\/wp-content\/uploads\/2025\/01\/Irene20234.1-1920w-768x513.webp 768w, https:\/\/hooponoponosouthafrica.com\/wp-content\/uploads\/2025\/01\/Irene20234.1-1920w-1536x1026.webp 1536w\" sizes=\"auto, (max-width: 1920px) 100vw, 1920px\" \/>\n<\/div>\n\n\n\n<div class=\"gb-element-7a921113\">\n<h4 class=\"gb-text gb-text-18bd1117\"><strong>Irene Schwonek<\/strong><\/h4>\n\n\n\n<p class=\"gb-text gbp-section__text gb-text-330af316\">besuchte das Self I-Dentity through Ho\u2019oponopono SITH\u00ae-Seminar in den Jahren 2009 und 2011 bei Dr. Ihaleakala Hew Len und Mary Koehler \u2013 My Wild Irish Rose. Seitdem ist kein einziger Tag vergangen, an dem sie nicht \u201egereinigt\u201c (Cleaning) hat.<br><br>Durch die Anwendung von SITH\u00ae entdeckte Irene ihr wahres Selbst \u2013 und ihr Leben ver\u00e4nderte sich grundlegend: von einem Leben in Unzufriedenheit, Schulden und Angst hin zu Liebe, Erf\u00fcllung, Freiheit und innerer Balance.<br><br>Irene ist Mutter von zwei Kindern und zudem ausgebildete LomiLomi-Master Practitioner. Sie hat ONLINE-Kurse in Deutschland, Italien, Japan, China, Taiwan, der T\u00fcrkei, Nordamerika, Rum\u00e4nien und Indien unterrichtet sowie IN PR\u00c4SENZ in Deutschland, Japan, Korea, Italien und der T\u00fcrkei<br><br>Als IZI LLC Instruktorin bietet Irene zudem SITH\u00ae-Privatsitzungen in Kapstadt, S\u00fcdafrika, f\u00fcr deutsch- und englischsprachige Teilnehmer an.<\/p>\n<\/div>\n<\/div>\n<\/div>\n\n\n\n<div class=\"gbp-section gb-element-fa9652f5\">\n<div class=\"gbp-section__inner gb-element-1036c709\">\n<div class=\"gb-element-2d5d0a8b\">\n<img loading=\"lazy\" decoding=\"async\" width=\"300\" height=\"400\" class=\"gb-media-6be65eae\" src=\"https:\/\/hooponoponosouthafrica.com\/wp-content\/uploads\/2026\/03\/Sena-photo1.jpg\" alt=\"Sena photo1\" title=\"Sena-photo1\" srcset=\"https:\/\/hooponoponosouthafrica.com\/wp-content\/uploads\/2026\/03\/Sena-photo1.jpg 300w, https:\/\/hooponoponosouthafrica.com\/wp-content\/uploads\/2026\/03\/Sena-photo1-225x300.jpg 225w\" sizes=\"auto, (max-width: 300px) 100vw, 300px\" \/>\n<\/div>\n\n\n\n<div class=\"gb-element-24a62a30\">\n<h4 class=\"gb-text gb-text-b2f94919\"><strong><strong>SENA ALP<\/strong><\/strong><\/h4>\n\n\n\n<p class=\"gb-text gbp-section__text gb-text-cd78c655\">lernte Self I-Dentity through Ho\u2019oponopono\u00ae (SITH\u00ae) im Jahr 2012 von Mary Koehler \u2013 My Wild Irish Rose. Seit dieser Zeit ist das \u201eCleaning\u201c ihre Lebensweise. 2014 wurde sie Instruktorin, 2017 Koordinatorin f\u00fcr Izmir, T\u00fcrkei, und 2025 Koordinatorin f\u00fcr London, Gro\u00dfbritannien.<br><br>Sena hat ONLINE-Seminare in den USA, Brasilien, der T\u00fcrkei und im Vereinigten K\u00f6nigreich gegeben sowie IN PR\u00c4SENZ in Deutschland, Rum\u00e4nien und der T\u00fcrkei. Au\u00dferdem bietet sie als IZI LLC Instruktorin SITH\u00ae-Private Sessions in Izmir, T\u00fcrkei, sowohl auf Englisch als auch auf T\u00fcrkisch an.<br><br>Durch das Cleaning durfte sie inneren Reichtum und tiefe Freiheit erleben. Ho\u2019oponopono half ihr, in immer mehr Dingen die dahinterliegende Vollkommenheit zu erkennen. Zunehmend sp\u00fcrte sie Reinheit und eine tiefe Verbundenheit mit dem Leben.<br><br>F\u00fcr Sena ist Ho\u2019oponopono ein ganz besonderes Geschenk, das uns gegeben wurde, damit wir uns daran erinnern, wer wir wirklich sind. Und sie ist sehr dankbar, dass sie in diesem Leben die M\u00f6glichkeit hat, diesen einzigartigen Prozess von LIEBE und FRIEDEN zu beginnen \u2013 und weiterhin zu lernen.<\/p>\n<\/div>\n<\/div>\n<\/div>\n","protected":false},"excerpt":{"rendered":"<p>Irene Schwonek besuchte das Self I-Dentity through Ho\u2019oponopono SITH\u00ae-Seminar in den Jahren 2009 und 2011 bei Dr. Ihaleakala Hew Len und Mary Koehler \u2013 My Wild Irish Rose. Seitdem ist kein einziger Tag vergangen, an dem sie nicht \u201egereinigt\u201c (Cleaning) hat. Durch die Anwendung von SITH\u00ae entdeckte Irene ihr wahres Selbst \u2013 und ihr Leben &#8230; <a title=\"Instructors\" class=\"read-more\" href=\"https:\/\/hooponoponosouthafrica.com\/de\/instructor\/\" aria-label=\"Mehr Informationen \u00fcber Instructors\">Weiterlesen<\/a><\/p>\n","protected":false},"author":1,"featured_media":0,"parent":0,"menu_order":0,"comment_status":"closed","ping_status":"closed","template":"","meta":{"_acf_changed":false,"slim_seo":{"title":"Instructors - Ho&#039;oponopono South Africa","description":"Irene Schwonek besuchte das Self I-Dentity through Ho\u2019oponopono SITH\u00ae-Seminar in den Jahren 2009 und 2011 bei Dr. Ihaleakala Hew Len und Mary Koehler \u2013 My Wild"},"footnotes":""},"class_list":["post-206","page","type-page","status-publish"],"acf":[],"_links":{"self":[{"href":"https:\/\/hooponoponosouthafrica.com\/de\/wp-json\/wp\/v2\/pages\/206","targetHints":{"allow":["GET"]}}],"collection":[{"href":"https:\/\/hooponoponosouthafrica.com\/de\/wp-json\/wp\/v2\/pages"}],"about":[{"href":"https:\/\/hooponoponosouthafrica.com\/de\/wp-json\/wp\/v2\/types\/page"}],"author":[{"embeddable":true,"href":"https:\/\/hooponoponosouthafrica.com\/de\/wp-json\/wp\/v2\/users\/1"}],"replies":[{"embeddable":true,"href":"https:\/\/hooponoponosouthafrica.com\/de\/wp-json\/wp\/v2\/comments?post=206"}],"version-history":[{"count":8,"href":"https:\/\/hooponoponosouthafrica.com\/de\/wp-json\/wp\/v2\/pages\/206\/revisions"}],"predecessor-version":[{"id":896,"href":"https:\/\/hooponoponosouthafrica.com\/de\/wp-json\/wp\/v2\/pages\/206\/revisions\/896"}],"wp:attachment":[{"href":"https:\/\/hooponoponosouthafrica.com\/de\/wp-json\/wp\/v2\/media?parent=206"}],"curies":[{"name":"wp","href":"https:\/\/api.w.org\/{rel}","templated":true}]}}