{"id":2,"date":"2025-01-14T21:21:40","date_gmt":"2025-01-14T21:21:40","guid":{"rendered":"http:\/\/heilauftrag.de\/?page_id=2"},"modified":"2025-03-12T20:50:46","modified_gmt":"2025-03-12T19:50:46","slug":"impressum","status":"publish","type":"page","link":"https:\/\/hooponoponosouthafrica.com\/de\/impressum\/","title":{"rendered":"Impressum"},"content":{"rendered":"\n<h3 class=\"wp-block-heading\" id=\"1099921799\">Verantwortlich:<\/h3>\n\n\n\n<p>F\u00fcr den Inhalt der Website verantwortlich: Ho&#8217;oponopono Germany<\/p>\n\n\n\n<h3 class=\"wp-block-heading\" id=\"1669622938\">Kontakt:<\/h3>\n\n\n\n<p>Ho&#8217;oponopono Germany<\/p>\n\n\n\n<p>Irene Schwonek<\/p>\n\n\n\n<p>Mesnerweg 5<\/p>\n\n\n\n<p>85435 Erding<\/p>\n\n\n\n<p>Tel.: +49 151.401.32845<\/p>\n\n\n\n<p>office@hooponoponogermany.de<\/p>\n\n\n\n<p>www.hooponoponogermany.de<\/p>\n\n\n\n<div class=\"gb-element-cb460491\">\n<p class=\"gb-text\">Diese Webseite wurde erstellt mit freundlicher Unterst\u00fctzung von <a href=\"https:\/\/ichmachewebseiten.de\/\" target=\"_blank\" rel=\"noopener\" title=\"\">Sebastian Schertel<\/a>.<\/p>\n<\/div>\n\n\n\n<div class=\"gb-element-d23f0f43\">\n<p class=\"gb-text gb-text-6825a9c2\">Bild &#8222;Blick auf die spektakul\u00e4re na pali K\u00fcste&#8220;, Autor MNStudio, Bildnummer 104802680 von Depositphotos<\/p>\n<\/div>\n\n\n\n<p><\/p>\n","protected":false},"excerpt":{"rendered":"<p>Verantwortlich: F\u00fcr den Inhalt der Website verantwortlich: Ho&#8217;oponopono Germany Kontakt: Ho&#8217;oponopono Germany Irene Schwonek Mesnerweg 5 85435 Erding Tel.: +49 151.401.32845 office@hooponoponogermany.de www.hooponoponogermany.de Diese Webseite wurde erstellt mit freundlicher Unterst\u00fctzung von Sebastian Schertel. Bild &#8222;Blick auf die spektakul\u00e4re na pali K\u00fcste&#8220;, Autor MNStudio, Bildnummer 104802680 von Depositphotos<\/p>\n","protected":false},"author":1,"featured_media":0,"parent":0,"menu_order":0,"comment_status":"closed","ping_status":"open","template":"","meta":{"_acf_changed":false,"slim_seo":{"title":"Impressum - Ho&#039;oponopono South Africa","description":"Verantwortlich: F\u00fcr den Inhalt der Website verantwortlich: Ho'oponopono Germany Kontakt: Ho'oponopono Germany Irene Schwonek Mesnerweg 5 85435 Erding Tel.: +49"},"footnotes":""},"class_list":["post-2","page","type-page","status-publish"],"acf":[],"_links":{"self":[{"href":"https:\/\/hooponoponosouthafrica.com\/de\/wp-json\/wp\/v2\/pages\/2","targetHints":{"allow":["GET"]}}],"collection":[{"href":"https:\/\/hooponoponosouthafrica.com\/de\/wp-json\/wp\/v2\/pages"}],"about":[{"href":"https:\/\/hooponoponosouthafrica.com\/de\/wp-json\/wp\/v2\/types\/page"}],"author":[{"embeddable":true,"href":"https:\/\/hooponoponosouthafrica.com\/de\/wp-json\/wp\/v2\/users\/1"}],"replies":[{"embeddable":true,"href":"https:\/\/hooponoponosouthafrica.com\/de\/wp-json\/wp\/v2\/comments?post=2"}],"version-history":[{"count":5,"href":"https:\/\/hooponoponosouthafrica.com\/de\/wp-json\/wp\/v2\/pages\/2\/revisions"}],"predecessor-version":[{"id":479,"href":"https:\/\/hooponoponosouthafrica.com\/de\/wp-json\/wp\/v2\/pages\/2\/revisions\/479"}],"wp:attachment":[{"href":"https:\/\/hooponoponosouthafrica.com\/de\/wp-json\/wp\/v2\/media?parent=2"}],"curies":[{"name":"wp","href":"https:\/\/api.w.org\/{rel}","templated":true}]}}