{"id":195,"date":"2025-01-28T16:28:01","date_gmt":"2025-01-28T15:28:01","guid":{"rendered":"https:\/\/heilauftrag.de\/?page_id=195"},"modified":"2025-01-28T16:28:02","modified_gmt":"2025-01-28T15:28:02","slug":"registrierungsvereinbarung-und-anmeldebedingungen","status":"publish","type":"page","link":"https:\/\/hooponoponosouthafrica.com\/de\/registrierungsvereinbarung-und-anmeldebedingungen\/","title":{"rendered":"REGISTRIERUNGSVEREINBARUNG &amp; ANMELDEBEDINGUNGEN"},"content":{"rendered":"\n<p>Mit meiner Registrierung zur Teilnahme stimme ich folgender Registrierungsvereinbarung zu:<\/p>\n\n\n\n<p>REGISTRIERUNGSVEREINBARUNG<\/p>\n\n\n\n<p>Hiermit registrieren Sie sich f\u00fcr das Seminar IZI LLC sponsors Self I-Dentity through Ho`oponopono\u00ae, im Besitz und repr\u00e4sentiert durch IZI LLC, mit Erlaubnis der Foundation of I, Inc. Freedom of the Cosmos, einer gemeinn\u00fctzigen Ausbildungsstiftung, nachstehend \u201eStiftung\u201c genannt. Dies ist eine gesetzlich verbindliche Vereinbarung zwischen Ihnen, IZI LLC und der Stiftung.<\/p>\n\n\n\n<p>Durch Ihre Registrierung zum Seminar \u201eSelf I-Dentity through Ho&#8217;oponopono\u00ae\u201c akzeptieren Sie die Bedingungen dieser Vereinbarung. Wenn Sie nicht allen Bedingungen dieser Vereinbarung zustimmen, sind sie NICHT f\u00fcr dieses Seminar registriert.<\/p>\n\n\n\n<p>BEDINGUNGEN DER LIZENZVEREINBARUNG<\/p>\n\n\n\n<p>1. Mitteilung des Urheberrechts, der Handelsmarke und der anderen Eigentums-informationen<\/p>\n\n\n\n<p>Die Stiftung und das IZI LLC besitzen alle und jedes Urheberrecht, die Handelsmarke und andere geistigen Eigentumsrechte aller Informationen, die in dem \u201eSelf I-Dentity through Ho`oponopono\u00ae\u201c oder \u201eSelf I-Dentity Ho`oponopono\u00ae\u201c-Seminar pr\u00e4sentiert werden, einschlie\u00dflich, aber nicht beschr\u00e4nkt auf Informationen, Handelsmarken, Inhalt, Dokumentation, Handb\u00fccher, Texte, Artikel, Brosch\u00fcren, Illustrationen, Grafik, Audio- und Videopr\u00e4sentationen, Prozesse, \u00dcbungen, Hilfswerkzeuge, Symbole, Aktualisierungen und alle anderen Ausbildungsmaterialien.<\/p>\n\n\n\n<p>Es ist verboten, ohne die vorherige ausdr\u00fcckliche schriftliche Erlaubnis der Stiftung, die ausbildungsbezogenen Materialien und Informationen im Ganzen, teilweise oder auf jede andere Weise zu ver\u00e4ndern, zu vervielf\u00e4ltigen, auszustellen, zu verteilen, auszuh\u00e4ngen, zu \u00fcbersenden, aufzunehmen, zu filmen, zu ver\u00f6ffentlichen, abgeleitete Werke davon zu erstellen, zu verlegen, zu verkaufen oder auszu\u00fcben.<\/p>\n\n\n\n<p>Au\u00dferdem erkl\u00e4ren Sie sich bereit, das geistige Eigentum \u201eSelf I-Dentity through Ho`oponopono\u00ae\u201c, welches sie im Kurs erhalten, NICHT ohne vorherige Genehmigung der Stiftung zu unterrichten, bekannt zu machen, zu vervielf\u00e4ltigen, zu verteilen, zu verkaufen, zur Verf\u00fcgung zu stellen, damit zu werben oder sonst irgendwie verf\u00fcgbar zu machen.<\/p>\n\n\n\n<p>Des weiteren stimmen Sie zu, vertrauliche Informationen, die Sie als Ergebnis ihrer Anmeldung zum IZI LLC und der Stiftung erhalten, vertraulich zu behandeln, nicht Dritten zur Verf\u00fcgung zu stellen oder f\u00fcr andere Zwecke zu nutzen, als f\u00fcr die T\u00e4tigkeiten, f\u00fcr die Ihnen der Zugang zu den vertraulichen Informationen gew\u00e4hrt wurde.<\/p>\n\n\n\n<p>Sie stimmen auch zu und verstehen, dass das geistige Eigentum, die Inhalte und Materialien allein bei der Stiftung und IZI LLC bleiben.<\/p>\n\n\n\n<p>2. WARNUNG<\/p>\n\n\n\n<p>Jeglicher Missbrauch und Zweckentfremdung von \u201eSelf I-Dentity through Ho`oponopono\u00ae\u201c hat negative Folgen.F\u00fcr diejenigen, die es f\u00fcr sich selbst nutzen, sind die Vorteile grenzenlos.<\/p>\n\n\n\n<p>3. INKRAFTTRETEN<\/p>\n\n\n\n<p>Diese Vereinbarung ist ab dem Zeitpunkt der Anmeldung verbindlich wirksam und wird bei allen zuk\u00fcnftigen Sitzungen die Sie mit der Stiftung haben in Kraft bleiben, bis Ihnen das Gegenteil von der Stiftung mitgeteilt wird.<\/p>\n","protected":false},"excerpt":{"rendered":"<p>Mit meiner Registrierung zur Teilnahme stimme ich folgender Registrierungsvereinbarung zu: REGISTRIERUNGSVEREINBARUNG Hiermit registrieren Sie sich f\u00fcr das Seminar IZI LLC sponsors Self I-Dentity through Ho`oponopono\u00ae, im Besitz und repr\u00e4sentiert durch IZI LLC, mit Erlaubnis der Foundation of I, Inc. Freedom of the Cosmos, einer gemeinn\u00fctzigen Ausbildungsstiftung, nachstehend \u201eStiftung\u201c genannt. Dies ist eine gesetzlich verbindliche Vereinbarung &#8230; <a title=\"REGISTRIERUNGSVEREINBARUNG &amp; ANMELDEBEDINGUNGEN\" class=\"read-more\" href=\"https:\/\/hooponoponosouthafrica.com\/de\/registrierungsvereinbarung-und-anmeldebedingungen\/\" aria-label=\"Mehr Informationen \u00fcber REGISTRIERUNGSVEREINBARUNG &amp; ANMELDEBEDINGUNGEN\">Weiterlesen<\/a><\/p>\n","protected":false},"author":1,"featured_media":0,"parent":0,"menu_order":0,"comment_status":"closed","ping_status":"closed","template":"","meta":{"_acf_changed":false,"slim_seo":{"title":"REGISTRIERUNGSVEREINBARUNG &amp; ANMELDEBEDINGUNGEN - Ho&#039;oponopono South Africa","description":"Mit meiner Registrierung zur Teilnahme stimme ich folgender Registrierungsvereinbarung zu: REGISTRIERUNGSVEREINBARUNG Hiermit registrieren Sie sich f\u00fcr das Semi"},"footnotes":""},"class_list":["post-195","page","type-page","status-publish"],"acf":[],"_links":{"self":[{"href":"https:\/\/hooponoponosouthafrica.com\/de\/wp-json\/wp\/v2\/pages\/195","targetHints":{"allow":["GET"]}}],"collection":[{"href":"https:\/\/hooponoponosouthafrica.com\/de\/wp-json\/wp\/v2\/pages"}],"about":[{"href":"https:\/\/hooponoponosouthafrica.com\/de\/wp-json\/wp\/v2\/types\/page"}],"author":[{"embeddable":true,"href":"https:\/\/hooponoponosouthafrica.com\/de\/wp-json\/wp\/v2\/users\/1"}],"replies":[{"embeddable":true,"href":"https:\/\/hooponoponosouthafrica.com\/de\/wp-json\/wp\/v2\/comments?post=195"}],"version-history":[{"count":1,"href":"https:\/\/hooponoponosouthafrica.com\/de\/wp-json\/wp\/v2\/pages\/195\/revisions"}],"predecessor-version":[{"id":196,"href":"https:\/\/hooponoponosouthafrica.com\/de\/wp-json\/wp\/v2\/pages\/195\/revisions\/196"}],"wp:attachment":[{"href":"https:\/\/hooponoponosouthafrica.com\/de\/wp-json\/wp\/v2\/media?parent=195"}],"curies":[{"name":"wp","href":"https:\/\/api.w.org\/{rel}","templated":true}]}}