{"id":191,"date":"2025-01-28T16:21:43","date_gmt":"2025-01-28T15:21:43","guid":{"rendered":"https:\/\/heilauftrag.de\/?page_id=191"},"modified":"2025-01-28T16:21:43","modified_gmt":"2025-01-28T15:21:43","slug":"verzichterklaerung-widerrufsbelehrung","status":"publish","type":"page","link":"https:\/\/hooponoponosouthafrica.com\/de\/verzichterklaerung-widerrufsbelehrung\/","title":{"rendered":"VERZICHTERKL\u00c4RUNG &amp; WIDERRUFSBELEHRUNG"},"content":{"rendered":"\n<p>VERZICHTSERKL\u00c4RUNG<\/p>\n\n\n\n<p>Weder die Foundation of I, Inc. Freedom of the Cosmos, seine Gr\u00fcnderin, Morrnah Nalamaku Simeona, IZI LLC, Ho\u2019akamai LLC, Bingboard Consulting LLC, Paddy \u20180, LLC, und ihre Gr\u00fcnder, Angestellten, ehrenamtlichen Mitarbeiter, F\u00f6rderer, Koordinatoren und Lehrer, oder die Gottheit, das \u201cICH\u201d, gew\u00e4hrleisten, dass das in diesem Seminar gelehrte System des Stressabbaus und der Selbstidentit\u00e4t, welches als Ho&#8217;oponopono bekannt ist, einschlie\u00dflich, aber nicht beschr\u00e4nkt auf alle Meditationen, Vergegenw\u00e4rtigungen, Empfehlungen, Reinigungen und geistige Heilungen zu bestimmten Ergebnissen oder gew\u00fcnschten Zielen f\u00fchrt.<\/p>\n\n\n\n<p>Die Wirkung des Ho&#8217;oponopono Prozesses in Verbindung mit universalen und kosmischen Gesetzen ist eine direkte Erfahrung zwischen jeder Person, seinem oder ihrem eigenem Selbst und der Gottheit, dem \u201eIch\u201c. Karma und g\u00f6ttliche F\u00fcrsorge m\u00fcssen f\u00fcr jeden die letzte Instanz bei der Anwendung des Ho&#8217;oponopono Prozesses sein. Hierbei kann nur jeder Einzelne durch disziplinierte Prozesse des Reinigens und des Sch\u00fctzens von K\u00f6rper, Verstand und Geist, der eigene Zeuge seiner oder ihrer eigenen pers\u00f6nlichen Heilung sein. Der Nachweis des Ho&#8217;oponopono Prozesses h\u00e4ngt von der einzelnen Person ab, da nur jeder Einzelne die Kraft von Ho&#8217;oponopono f\u00fcr sich beweisen oder widerlegen kann.<\/p>\n\n\n\n<p>WIDERRUFSBELEHRUNG<\/p>\n\n\n\n<p>Das IZI LLC hat das Recht, die Veranstaltung\/das Seminar aus unbestimmtem Grund abzusagen. Es werden nur die Teilnahmegeb\u00fchren, die vom Teilnehmer bezahlt wurden, durch den Koordinator zur\u00fcckerstattet. Der Koordinator ist f\u00fcr das Einkassieren der Teilnahmegeb\u00fchren sowie f\u00fcr die Abwicklung der Erstattungen verantwortlich. Der Koordinator ist nur verpflichtet, die Teilnahmegeb\u00fchren die vom Studierenden gezahlt wurden, zu erstatten. IZI LLC und der Koordinator sind nicht f\u00fcr Reisekosten, verlorene Anzahlungen oder andere Ausgaben, die durch die Registrierung in Erwartung an der Teilnahme dieser Veranstaltung entstanden sind, verantwortlich. Es werden keinerlei Kosten f\u00fcr Fahrten, verlorene Anzahlungen, oder jegliche andere Art von Kosten, die dem Registrierten in Erwartung der Teilnahme an dieser Veranstaltung entstanden sind, zur\u00fcckerstattet. Jeder Teilnehmer \u00fcbernimmt die Verantwortung etwaiger zus\u00e4tzlicher Kosten, die durch die Registrierung an der Veranstaltung entstehen.<\/p>\n\n\n\n<p>R\u00dcCKERSTATTUNGSREGELUNG<\/p>\n\n\n\n<p>Nach Mitternacht vor dem ersten Seminartag gibt es keine R\u00fcckerstattung. Volle R\u00fcckerstattung (abz\u00fcglich Kreditkartengeb\u00fchren, \u00dcberweisungsgeb\u00fchren, PayPal-Geb\u00fchren) wird nur Personen gew\u00e4hrleistet, die nicht in der Lage sind, am Seminar teilzunehmen. Die R\u00fcckerstattung der Seminargeb\u00fchr muss bis Mitternacht vor dem ersten Kurstag per Email oder telefonisch beim Koordinator angefordert werden.<\/p>\n\n\n\n<p>1. Sollte bis Mitternacht vor dem ersten Kurstag keine R\u00fcckerstattung angefordert werden, wird der Teilnehmer zu einem Weltweiten Teilnehmer in Abwesenheit. Es werden keine Seminarunterlagen zugesandt. Um die Seminarunterlagen zu erhalten, muss der Teilnehmer pers\u00f6nlich am Seminar teilgenommen haben. Der Teilnehmer in Abwesenheit wird nach seiner Teilnahme in Abwesenheit als Seminar-Wiederholer gef\u00fchrt und kann die Seminarunterlagen beim n\u00e4chsten Seminar vor Seminarbeginn vom Koordinator erwarben.<\/p>\n\n\n\n<p>2. Sollte bis Mitternacht vor dem ersten Kurstag ein Seminar-Wiederholer keine R\u00fcckerstattung angefordert haben, gilt er als Weltweiter Teilnehmer in Abwesenheit.<\/p>\n\n\n\n<p>FOTOGRAFIE, HANDYS UND AUFNAHMEN<\/p>\n\n\n\n<p>Fotografieren, Audio-und Videoaufnahmen sind ohne schriftliche Zustimmung f\u00fcr alle Anwesenden verboten. Alle Handys und elektronischen Ger\u00e4te m\u00fcssen w\u00e4hrend des Seminars (im Seminarraum) ausgeschaltet bleiben. Sollten Sie dennoch Video\u2013 oder Audioaufnahmen erstellen oder fotografieren, werden Sie gebeten die Klasse sofort zu verlassen \u2013 ohne R\u00fcckerstattung der Kursgeb\u00fchren.<\/p>\n\n\n\n<p>DOZENTEN-REGELUNG<\/p>\n\n\n\n<p>IZI LLC kann zu jedem Zeitpunkt den Dozenten eines Seminars mit einem anderen SITH\u00ae qualifizierten Dozenten ersetzen. IZI LLC und der Koordinator werden alles tun, die Seminarteilnehmer \u00fcber die \u00c4nderung rechtzeitig in Kenntnis zu setzen. IZI LLC kann jederzeit und an beliebiger Stelle des Seminars einen zus\u00e4tzlichen Dozenten einsetzen.<\/p>\n","protected":false},"excerpt":{"rendered":"<p>VERZICHTSERKL\u00c4RUNG Weder die Foundation of I, Inc. Freedom of the Cosmos, seine Gr\u00fcnderin, Morrnah Nalamaku Simeona, IZI LLC, Ho\u2019akamai LLC, Bingboard Consulting LLC, Paddy \u20180, LLC, und ihre Gr\u00fcnder, Angestellten, ehrenamtlichen Mitarbeiter, F\u00f6rderer, Koordinatoren und Lehrer, oder die Gottheit, das \u201cICH\u201d, gew\u00e4hrleisten, dass das in diesem Seminar gelehrte System des Stressabbaus und der Selbstidentit\u00e4t, welches &#8230; <a title=\"VERZICHTERKL\u00c4RUNG &amp; WIDERRUFSBELEHRUNG\" class=\"read-more\" href=\"https:\/\/hooponoponosouthafrica.com\/de\/verzichterklaerung-widerrufsbelehrung\/\" aria-label=\"Mehr Informationen \u00fcber VERZICHTERKL\u00c4RUNG &amp; WIDERRUFSBELEHRUNG\">Weiterlesen<\/a><\/p>\n","protected":false},"author":1,"featured_media":0,"parent":0,"menu_order":0,"comment_status":"closed","ping_status":"closed","template":"","meta":{"_acf_changed":false,"slim_seo":{"title":"VERZICHTERKL\u00c4RUNG &amp; WIDERRUFSBELEHRUNG - Ho&#039;oponopono South Africa","description":"VERZICHTSERKL\u00c4RUNG Weder die Foundation of I, Inc. Freedom of the Cosmos, seine Gr\u00fcnderin, Morrnah Nalamaku Simeona, IZI LLC, Ho\u2019akamai LLC, Bingboard Consultin"},"footnotes":""},"class_list":["post-191","page","type-page","status-publish"],"acf":[],"_links":{"self":[{"href":"https:\/\/hooponoponosouthafrica.com\/de\/wp-json\/wp\/v2\/pages\/191","targetHints":{"allow":["GET"]}}],"collection":[{"href":"https:\/\/hooponoponosouthafrica.com\/de\/wp-json\/wp\/v2\/pages"}],"about":[{"href":"https:\/\/hooponoponosouthafrica.com\/de\/wp-json\/wp\/v2\/types\/page"}],"author":[{"embeddable":true,"href":"https:\/\/hooponoponosouthafrica.com\/de\/wp-json\/wp\/v2\/users\/1"}],"replies":[{"embeddable":true,"href":"https:\/\/hooponoponosouthafrica.com\/de\/wp-json\/wp\/v2\/comments?post=191"}],"version-history":[{"count":1,"href":"https:\/\/hooponoponosouthafrica.com\/de\/wp-json\/wp\/v2\/pages\/191\/revisions"}],"predecessor-version":[{"id":192,"href":"https:\/\/hooponoponosouthafrica.com\/de\/wp-json\/wp\/v2\/pages\/191\/revisions\/192"}],"wp:attachment":[{"href":"https:\/\/hooponoponosouthafrica.com\/de\/wp-json\/wp\/v2\/media?parent=191"}],"curies":[{"name":"wp","href":"https:\/\/api.w.org\/{rel}","templated":true}]}}