{"id":185,"date":"2025-01-28T16:14:45","date_gmt":"2025-01-28T15:14:45","guid":{"rendered":"https:\/\/heilauftrag.de\/?page_id=185"},"modified":"2025-01-28T16:24:17","modified_gmt":"2025-01-28T15:24:17","slug":"fragen-und-antworten","status":"publish","type":"page","link":"https:\/\/hooponoponosouthafrica.com\/de\/fragen-und-antworten\/","title":{"rendered":"Fragen und Antworten"},"content":{"rendered":"\n<p>von Morrnah Nalamaku Simeona<\/p>\n\n\n\n<div class=\"gbp-section\">\n<div class=\"gbp-section__inner gb-element-fd5d1877\">\n<div class=\"gbp-card gbp-card--border\">\n<h3 class=\"gb-text gbp-card__title\"><strong>WAS IST DIE SELBST-IDENTIT\u00c4T?<\/strong><\/h3>\n\n\n\n<div class=\"gb-text gbp-section__text gb-text-a0c139b7\">Im Ho&#8217;oponopono-Prozess besteht die Selbst-Identit\u00e4t aus den drei Aspekten des SELBST oder des GEISTES in Partnerschaft mit dem g\u00f6ttlichen Sch\u00f6pfer. Das SELBST &#8211; Unterbewusstsein, Bewusstsein und \u00dcberbewusstsein oder was die Hawaiianer als Unihipili, Uhane und Aumakua bezeichnen &#8211; existiert in jedem Atom und Molek\u00fcl der Sch\u00f6pfung. Die drei Aspekte werden auch als die innere Familie bezeichnet: Vater, Mutter und Kind. MS<\/div>\n<\/div>\n\n\n\n<div class=\"gbp-card gbp-card--border\">\n<h3 class=\"gb-text gbp-card__title\"><strong>WAS IST HO&#8217;OPONOPONO?<\/strong><\/h3>\n\n\n\n<div class=\"gb-text gbp-section__text gb-text-e2822029\">Ho&#8217;oponopono ist ein alter hawaiianischer Prozess, der f\u00fcr den heutigen Gebrauch aktualisiert wurde. Er erm\u00f6glicht die L\u00d6SUNG von Problemen und Blockaden, die Stress, Ungleichgewicht und Unwohlsein im SELBST verursachen. MS<\/div>\n<\/div>\n\n\n\n<div class=\"gbp-card gbp-card--border\">\n<h3 class=\"gb-text gbp-card__title\"><strong>WAS BEDEUTET HO&#8217;OPONOPONO?<\/strong><\/h3>\n\n\n\n<div class=\"gb-text gbp-section__text gb-text-b7f41c39\">Richtig stellen; einen Fehler berichtigen. MS<\/div>\n<\/div>\n\n\n\n<div class=\"gbp-card gbp-card--border\">\n<h3 class=\"gb-text gbp-card__title\"><strong>WAS IST DAS ZIEL VON HO&#8217;OPONOPONO?<\/strong><\/h3>\n\n\n\n<div class=\"gb-text gbp-section__text gb-text-f023d248\">Auf einfache und effektive Weise Frieden und Gleichgewicht zu bringen, indem man geistig, seelisch und k\u00f6rperlich durch einen Prozess der Reue, Vergebung und Transmutation geht. MS<\/div>\n<\/div>\n\n\n\n<div class=\"gbp-card gbp-card--border\">\n<h3 class=\"gb-text gbp-card__title\"><strong>WER KANN HO&#8217;OPONOPONO ANWENDEN?<\/strong><\/h3>\n\n\n\n<div class=\"gb-text gbp-section__text gb-text-680ca137\">Ho&#8217;oponopono kann von allen angewandt werden, unabh\u00e4ngig von Alter, Rasse oder Glaubensbekenntnis. Es ist \u00fcberkonfessionell, interkulturell und international. Der Prozess ist nicht nur auf die Anwendung durch Menschen beschr\u00e4nkt. Es kann auch f\u00fcr belebte und unbelebte Objekte verwendet werden. MS<\/div>\n<\/div>\n\n\n\n<div class=\"gbp-card gbp-card--border\">\n<h3 class=\"gb-text gbp-card__title\"><strong>WOF\u00dcR KANN HO&#8217;OPONOPONO VERWENDET WERDEN?<\/strong><\/h3>\n\n\n\n<div class=\"gb-text gbp-section__text gb-text-eff876ce\">Die Anwendung des Ho&#8217;oponopono-Prozesses ist unbegrenzt und kann auf jedes Problem oder jede Situation angewendet werden. MS<\/div>\n<\/div>\n\n\n\n<div class=\"gbp-card gbp-card--border\">\n<h3 class=\"gb-text gbp-card__title\"><strong>WAS SIND DIE VORTEILE DER ANWENDUNG VON HO&#8217;OPONOPONO?<\/strong><\/h3>\n\n\n\n<div class=\"gb-text gbp-section__text gb-text-92e25134\">Ho&#8217;oponopono schafft Frieden, Gleichgewicht, Weisheit, Liebe und Freiheit im Individuum, in der Familie, der Gemeinschaft, der Nation, der Welt und im Universum. MS<\/div>\n<\/div>\n<\/div>\n<\/div>\n","protected":false},"excerpt":{"rendered":"<p>von Morrnah Nalamaku Simeona WAS IST DIE SELBST-IDENTIT\u00c4T? Im Ho&#8217;oponopono-Prozess besteht die Selbst-Identit\u00e4t aus den drei Aspekten des SELBST oder des GEISTES in Partnerschaft mit dem g\u00f6ttlichen Sch\u00f6pfer. Das SELBST &#8211; Unterbewusstsein, Bewusstsein und \u00dcberbewusstsein oder was die Hawaiianer als Unihipili, Uhane und Aumakua bezeichnen &#8211; existiert in jedem Atom und Molek\u00fcl der Sch\u00f6pfung. Die &#8230; <a title=\"Fragen und Antworten\" class=\"read-more\" href=\"https:\/\/hooponoponosouthafrica.com\/de\/fragen-und-antworten\/\" aria-label=\"Mehr Informationen \u00fcber Fragen und Antworten\">Weiterlesen<\/a><\/p>\n","protected":false},"author":1,"featured_media":0,"parent":0,"menu_order":0,"comment_status":"closed","ping_status":"closed","template":"","meta":{"_acf_changed":false,"slim_seo":{"title":"Fragen und Antworten - Ho&#039;oponopono South Africa","description":"von Morrnah Nalamaku Simeona WAS IST DIE SELBST-IDENTIT\u00c4T? Im Ho'oponopono-Prozess besteht die Selbst-Identit\u00e4t aus den drei Aspekten des SELBST oder des GEISTE"},"footnotes":""},"class_list":["post-185","page","type-page","status-publish"],"acf":[],"_links":{"self":[{"href":"https:\/\/hooponoponosouthafrica.com\/de\/wp-json\/wp\/v2\/pages\/185","targetHints":{"allow":["GET"]}}],"collection":[{"href":"https:\/\/hooponoponosouthafrica.com\/de\/wp-json\/wp\/v2\/pages"}],"about":[{"href":"https:\/\/hooponoponosouthafrica.com\/de\/wp-json\/wp\/v2\/types\/page"}],"author":[{"embeddable":true,"href":"https:\/\/hooponoponosouthafrica.com\/de\/wp-json\/wp\/v2\/users\/1"}],"replies":[{"embeddable":true,"href":"https:\/\/hooponoponosouthafrica.com\/de\/wp-json\/wp\/v2\/comments?post=185"}],"version-history":[{"count":1,"href":"https:\/\/hooponoponosouthafrica.com\/de\/wp-json\/wp\/v2\/pages\/185\/revisions"}],"predecessor-version":[{"id":188,"href":"https:\/\/hooponoponosouthafrica.com\/de\/wp-json\/wp\/v2\/pages\/185\/revisions\/188"}],"wp:attachment":[{"href":"https:\/\/hooponoponosouthafrica.com\/de\/wp-json\/wp\/v2\/media?parent=185"}],"curies":[{"name":"wp","href":"https:\/\/api.w.org\/{rel}","templated":true}]}}