{"id":181,"date":"2025-01-28T15:44:47","date_gmt":"2025-01-28T14:44:47","guid":{"rendered":"https:\/\/heilauftrag.de\/?page_id=181"},"modified":"2026-03-01T19:54:20","modified_gmt":"2026-03-01T18:54:20","slug":"seminare","status":"publish","type":"page","link":"https:\/\/hooponoponosouthafrica.com\/de\/seminare\/","title":{"rendered":"Seminare"},"content":{"rendered":"\n<h4 class=\"gb-text\">Dr. Ihaleakala Hew Len (1939 -2022) spricht \u00fcber seine T\u00e4tigkeit als Lehrer der SITH\u00ae-Seminare.<\/h4>\n\n\n\n<p class=\"gb-text\">(Untertitel verf\u00fcgbar)<\/p>\n\n\n\n<div class=\"gb-element-d4810098\">\n<figure class=\"wp-block-embed is-type-video is-provider-youtube wp-block-embed-youtube wp-embed-aspect-16-9 wp-has-aspect-ratio\"><div class=\"wp-block-embed__wrapper\">\n<iframe loading=\"lazy\" title=\"SelfI-Dentity through Ho&#039;oponopono\u00ae | Ihaleakala Hew Len on Classes\" width=\"1200\" height=\"675\" src=\"https:\/\/www.youtube.com\/embed\/FVTTOgytQ_Q?feature=oembed\" frameborder=\"0\" allow=\"accelerometer; autoplay; clipboard-write; encrypted-media; gyroscope; picture-in-picture; web-share\" referrerpolicy=\"strict-origin-when-cross-origin\" allowfullscreen><\/iframe>\n<\/div><\/figure>\n<\/div>\n\n\n\n<p>\u201eDies ist die Lebenszeit, sich selbst zu erfahren, reinen Herzens und frei von Angst und Leid zu sein. Selbst-Identit\u00e4t durch Ho\u2019oponopono f\u00fchrt Dich \u00fcber das Reinigen aller Erinnerungen, die Angst und Leid wiederholen, nach Hause, zur\u00fcck zur Reinheit. Aus der Reinheit Deines Herzens strahlt automatisch das Licht. Licht und Erleuchtung stellen Dir alles bereit, was vollkommen f\u00fcr Dich ist: Vollkommene famili\u00e4re und gesch\u00e4ftliche Beziehungen, vollkommene Quellen des Wohlstands, vollkommene Talente und Ideen. Alles steht Dir JETZT zur Verf\u00fcgung. Du alleine musst die Wahl treffen: In Angst und Leid zu leben oder in Licht und Vollkommenheit.\u201c (Dr. Hew Len)<\/p>\n\n\n\n<h4 class=\"gb-text\">In Gedanken an Ihaleakala Hew Len<\/h4>\n\n\n\n<div class=\"gb-element-a475a677\">\n<img loading=\"lazy\" decoding=\"async\" width=\"378\" height=\"323\" class=\"gb-media-13256601\" src=\"https:\/\/hooponoponosouthafrica.com\/wp-content\/uploads\/2025\/01\/IHHL-MsKr-file-2978-6-cedb25b5-1920w.webp\" alt=\"Ihhl Mskr File 2978 6 Cedb25b5 1920w\" title=\"IHHL-MsKr-file-2978-6-cedb25b5-1920w\" srcset=\"https:\/\/hooponoponosouthafrica.com\/wp-content\/uploads\/2025\/01\/IHHL-MsKr-file-2978-6-cedb25b5-1920w.webp 378w, https:\/\/hooponoponosouthafrica.com\/wp-content\/uploads\/2025\/01\/IHHL-MsKr-file-2978-6-cedb25b5-1920w-300x256.webp 300w\" sizes=\"auto, (max-width: 378px) 100vw, 378px\" \/>\n<\/div>\n\n\n\n<p>Liebe Familie, Freunde und Sch\u00fcler von Self I-Dentity through Ho\u2019oponopono\u00ae,<\/p>\n\n\n\n<p>Wir danken Euch f\u00fcr alles, was ihr tut und wer ihr seid. Wir w\u00fcnschen euch, eurer Familie, euren Verwandten und euren Vorfahren FRIEDEN f\u00fcr alle Zeiten.<\/p>\n\n\n\n<p>Wir teilen Euch das Ableben von Dr. Hew Len, auch bekannt als Ihaleakala, am 15. Januar 2022, 17:10 Uhr kalifornischer Zeit, mit.&nbsp;<\/p>\n\n\n\n<p>Wir haben die M\u00f6glichkeit, die Prinzipien des Ho&#8217;oponopono\u00ae-Prozesses anzuwenden, die Dr. Hew Len einen Gro\u00dfteil seines Lebens mit uns geteilt hat. Wir sind dankbar daf\u00fcr!&nbsp;<\/p>\n\n\n\n<p>Wir lernen, dass es beim Ho&#8217;oponopono darum geht, sich selbst zu betrachten&#8230;&#8230;&#8230; und zur Reinigung zu gelangen. Ihhl teilte zwei wichtige Aspekte von Ho&#8217;oponopono: Wir k\u00f6nnen uns in alles verlieben und wir werden unseren Weg durch unsere Erfahrungen reinigen.&nbsp;<\/p>\n\n\n\n<p>Zu Dr. Hew Len&#8217;s verbliebenen Familienmitgliedern geh\u00f6ren: zwei T\u00f6chter, seine Ex-Frau, vier Enkelkinder und eine gro\u00dfe erweiterte Familie seiner Schwester und seines Bruders.<\/p>\n\n\n\n<div class=\"gb-element-423628b7\">\n<a class=\"gb-text gbp-button--primary\" href=\"https:\/\/hooponoponosouthafrica.com\/artikel\/\">Weiterlesen<\/a>\n<\/div>\n\n\n\n<h4 class=\"gb-text\">Zu Ehren von Dr. Ihaleakala Hew Len<\/h4>\n\n\n\n<a href=\"https:\/\/vimeo.com\/668319294\" target=\"_blank\" rel=\"noopener\"><img loading=\"lazy\" decoding=\"async\" width=\"1173\" height=\"656\" class=\"gb-media-7c96227c\" alt=\"Ihhl video\" src=\"https:\/\/hooponoponosouthafrica.com\/wp-content\/uploads\/2026\/03\/ihhl-video.png\" srcset=\"https:\/\/hooponoponosouthafrica.com\/wp-content\/uploads\/2026\/03\/ihhl-video.png 1173w, https:\/\/hooponoponosouthafrica.com\/wp-content\/uploads\/2026\/03\/ihhl-video-300x168.png 300w, https:\/\/hooponoponosouthafrica.com\/wp-content\/uploads\/2026\/03\/ihhl-video-1024x573.png 1024w, https:\/\/hooponoponosouthafrica.com\/wp-content\/uploads\/2026\/03\/ihhl-video-768x430.png 768w\" sizes=\"auto, (max-width: 1173px) 100vw, 1173px\" \/><\/a>\n\n\n\n<p>Bitte das Bild klicken, um das Video anzusehen.<\/p>\n","protected":false},"excerpt":{"rendered":"<p>Dr. Ihaleakala Hew Len (1939 -2022) spricht \u00fcber seine T\u00e4tigkeit als Lehrer der SITH\u00ae-Seminare. (Untertitel verf\u00fcgbar) \u201eDies ist die Lebenszeit, sich selbst zu erfahren, reinen Herzens und frei von Angst und Leid zu sein. Selbst-Identit\u00e4t durch Ho\u2019oponopono f\u00fchrt Dich \u00fcber das Reinigen aller Erinnerungen, die Angst und Leid wiederholen, nach Hause, zur\u00fcck zur Reinheit. Aus &#8230; <a title=\"Seminare\" class=\"read-more\" href=\"https:\/\/hooponoponosouthafrica.com\/de\/seminare\/\" aria-label=\"Mehr Informationen \u00fcber Seminare\">Weiterlesen<\/a><\/p>\n","protected":false},"author":1,"featured_media":0,"parent":0,"menu_order":0,"comment_status":"closed","ping_status":"closed","template":"","meta":{"_acf_changed":false,"slim_seo":{"title":"Seminare - Ho&#039;oponopono South Africa","description":"Dr. Ihaleakala Hew Len (1939 -2022) spricht \u00fcber seine T\u00e4tigkeit als Lehrer der SITH\u00ae-Seminare. (Untertitel verf\u00fcgbar) https:\/\/www.youtube.com\/watch?v=FVTTOgytQ"},"footnotes":""},"class_list":["post-181","page","type-page","status-publish"],"acf":[],"_links":{"self":[{"href":"https:\/\/hooponoponosouthafrica.com\/de\/wp-json\/wp\/v2\/pages\/181","targetHints":{"allow":["GET"]}}],"collection":[{"href":"https:\/\/hooponoponosouthafrica.com\/de\/wp-json\/wp\/v2\/pages"}],"about":[{"href":"https:\/\/hooponoponosouthafrica.com\/de\/wp-json\/wp\/v2\/types\/page"}],"author":[{"embeddable":true,"href":"https:\/\/hooponoponosouthafrica.com\/de\/wp-json\/wp\/v2\/users\/1"}],"replies":[{"embeddable":true,"href":"https:\/\/hooponoponosouthafrica.com\/de\/wp-json\/wp\/v2\/comments?post=181"}],"version-history":[{"count":2,"href":"https:\/\/hooponoponosouthafrica.com\/de\/wp-json\/wp\/v2\/pages\/181\/revisions"}],"predecessor-version":[{"id":825,"href":"https:\/\/hooponoponosouthafrica.com\/de\/wp-json\/wp\/v2\/pages\/181\/revisions\/825"}],"wp:attachment":[{"href":"https:\/\/hooponoponosouthafrica.com\/de\/wp-json\/wp\/v2\/media?parent=181"}],"curies":[{"name":"wp","href":"https:\/\/api.w.org\/{rel}","templated":true}]}}