{"id":164,"date":"2025-01-26T23:03:33","date_gmt":"2025-01-26T22:03:33","guid":{"rendered":"https:\/\/heilauftrag.de\/?page_id=164"},"modified":"2026-02-23T15:22:59","modified_gmt":"2026-02-23T14:22:59","slug":"artikel","status":"publish","type":"page","link":"https:\/\/hooponoponosouthafrica.com\/de\/artikel\/","title":{"rendered":"Artikel"},"content":{"rendered":"\n<h2 class=\"gb-text\">In Gedanken an Dr. Hew Len<\/h2>\n\n\n\n<div class=\"gb-element-2a7d0d79\">\n<img loading=\"lazy\" decoding=\"async\" width=\"378\" height=\"323\" class=\"gb-media-13256601\" src=\"https:\/\/hooponoponosouthafrica.com\/wp-content\/uploads\/2025\/01\/IHHL-MsKr-file-2978-6-cedb25b5-1920w.webp\" alt=\"Ihhl Mskr File 2978 6 Cedb25b5 1920w\" title=\"IHHL-MsKr-file-2978-6-cedb25b5-1920w\" srcset=\"https:\/\/hooponoponosouthafrica.com\/wp-content\/uploads\/2025\/01\/IHHL-MsKr-file-2978-6-cedb25b5-1920w.webp 378w, https:\/\/hooponoponosouthafrica.com\/wp-content\/uploads\/2025\/01\/IHHL-MsKr-file-2978-6-cedb25b5-1920w-300x256.webp 300w\" sizes=\"auto, (max-width: 378px) 100vw, 378px\" \/>\n<\/div>\n\n\n\n<p>Liebe Familie, Freunde und Sch\u00fcler von Self I-Dentity through Ho\u2019oponopono\u00ae,<\/p>\n\n\n\n<p>Wir danken Euch f\u00fcr alles, was ihr tut und wer ihr seid. Wir w\u00fcnschen euch, eurer Familie, euren Verwandten und euren Vorfahren FRIEDEN f\u00fcr alle Zeiten.<\/p>\n\n\n\n<p>Wir teilen Euch das Ableben von Dr. Hew Len, auch bekannt als Ihaleakala, am 15. Januar 2022, 17:10 Uhr kalifornischer Zeit, mit.&nbsp;<\/p>\n\n\n\n<p>Wir haben die M\u00f6glichkeit, die Prinzipien des Ho&#8217;oponopono\u00ae-Prozesses anzuwenden, die Dr. Hew Len einen Gro\u00dfteil seines Lebens mit uns geteilt hat. Wir sind dankbar daf\u00fcr!&nbsp;<\/p>\n\n\n\n<p>Wir lernen, dass es beim Ho&#8217;oponopono darum geht, sich selbst zu betrachten&#8230;&#8230;&#8230; und zur Reinigung zu gelangen. Ihhl teilte zwei wichtige Aspekte von Ho&#8217;oponopono: Wir k\u00f6nnen uns in alles verlieben und wir werden unseren Weg durch unsere Erfahrungen reinigen.&nbsp;<\/p>\n\n\n\n<p>Zu Dr. Hew Len&#8217;s verbliebenen Familienmitgliedern geh\u00f6ren: zwei T\u00f6chter, seine Ex-Frau, vier Enkelkinder und eine gro\u00dfe erweiterte Familie seiner Schwester und seines Bruders.<\/p>\n\n\n\n<p>Hier ist ein SITH\u00ae Ho&#8217;oponopono TOOL, das Ihr verwenden k\u00f6nnt:&nbsp;<\/p>\n\n\n\n<p>ERDBEEREN &#8211; Der Verzehr von frischen Erdbeeren oder Erdbeeren in anderer Form, hilft uns bei der Reinigung und der \u00d6ffnung das Leben zu feiern! Es hilft uns, in Gleichgewicht und Freiheit voranzukommen. Dieser Prozess kann auch auf mentaler Ebene durchgef\u00fchrt werden.<\/p>\n\n\n\n<p>Dr. Hew Len wurde im April 1939 geboren. Er wuchs an der Leeward Coast von Oahu, Hawaii, auf und machte seinen Abschluss an den Kamehameha-Schulen. Er besuchte die University of Colorado und erlangte seinen Abschluss in Psychologie. Anschlie\u00dfend erwarb er an der University of Utah einen MS-Abschluss in Sonderp\u00e4dagogik und promovierte an der University of Iowa. Er wurde praktizierender Psychologe.<\/p>\n\n\n\n<p>Dr. Hew Len lernte Morrnah Simeona, die Gr\u00fcnderin von Self I-Dentity through Ho&#8217;oponopono\u00ae, im Jahr 1982 kennen. Er nahm an den Basic I-Seminaren teil&#8230;&#8230;&#8230;.. und blickte nie wieder zur\u00fcck. Er wurde zum Trainer ausgebildet und begann gemeinsam mit Morrnah zu unterrichten.&nbsp;<\/p>\n\n\n\n<p>Sie unterrichteten in den USA, Kanada, Frankreich, Deutschland, den Niederlanden, D\u00e4nemark, Polen, Schweden, Belgien, Italien, Argentinien, dem Vereinigten K\u00f6nigreich und den Vereinten Nationen. Im Rahmen ihrer Arbeit reisten sie auch nach Russland, China, \u00c4gypten, Israel und Japan.<\/p>\n\n\n\n<p>Nachdem Morrnah 1992 verstorben war, kehrte Dr. Hew Len nach Hawaii zur\u00fcck, um seine Arbeit mit dem SITH\u00ae-Prozess fortzusetzen. Zusammen mit Koordinatoren und Ausbildern f\u00fchrte er unerm\u00fcdlich SITH\u00ae-Seminare, Vortr\u00e4ge und Interviews in der ganzen Welt durch, darunter in den USA, Kanada, Mexiko, Brasilien, Japan, Korea, Taiwan, D\u00e4nemark, Frankreich, Deutschland, Irland, Italien, Rum\u00e4nien, den Niederlanden, der T\u00fcrkei, Gro\u00dfbritannien, der Tschechischen Republik, der Slowakei, Australien und Dubai.<\/p>\n\n\n\n<p>Dr. Hew Len wurde 2015 pensioniert. Seine Arbeit hat dazu beigetragen, dass Tausende von Studenten Ho&#8217;oponopono in Vortr\u00e4gen und Seminaren auf der ganzen Welt erlernen konnten. In den Herzen vieler seiner Sch\u00fcler bleibt er als ihr geliebter Lehrer. Oft beantwortete er eine Frage mit der Antwort: &#8222;Geh einfach Reinigen!&#8220;<\/p>\n\n\n\n<p>Heute sponsert IZI LLC Seminare, Vortr\u00e4ge und Interviews in \u00fcber zwanzig L\u00e4ndern, mit dreiundzwanzig Koordinatoren und achtunddrei\u00dfig Ausbildern weltweit.<\/p>\n\n\n\n<p>Wir sind Morrnah Nalamaku Simeona und dem &#8222;ICH&#8220; unendlich dankbar f\u00fcr den Prozess der Selbst-Identit\u00e4t durch Ho\u2019oponopono\u00ae.<\/p>\n\n\n\n<p>&#8222;Wenn wir akzeptieren k\u00f6nnen, dass wir die Summe aller vergangenen Gedanken, Emotionen, Worte, Taten und Handlungen sind und dass unser gegenw\u00e4rtiges Leben und unsere Entscheidungen von dieser Ged\u00e4chtnisbank der Vergangenheit gef\u00e4rbt oder \u00fcberschattet werden, dann beginnen wir zu sehen, wie ein Prozess der Korrektur oder Richtigstellung unser Leben, unsere Familien und unsere Gesellschaft ver\u00e4ndern kann.&#8220;<\/p>\n\n\n\n<p>Morrnah Nalamaku Simeona<\/p>\n\n\n\n<p>Wir w\u00fcnschen Euch, Eurer Familie, Verwandten und Vorfahren<\/p>\n\n\n\n<p>FRIEDEN JENSEITS ALLEN VERST\u00c4NDNISSES.<\/p>\n\n\n\n<p>Mary Koehler, IZI LLC Meisterkoordinatorin &amp; Meisterausbilderin<\/p>\n\n\n\n<p>Constance ZHoku=Pana Webber, IZI LLC Repr\u00e4sentantin &amp; Forrester, Lebenslange Anerkennung als IZI LLC Ausbilderin<\/p>\n\n\n\n<p>Kamailelauli&#8217;I Rafaelovich, IZI LLC Pr\u00e4sidentin, Lebenslange Zulassung als IZI LLC Instruktor<\/p>\n\n\n\n<p>Wir bitten Sie, keine Blumen oder Geschenke zu schicken. Sie k\u00f6nnen aber gerne eine Spende an The Foundation of I, Inc. machen.<\/p>\n\n\n\n<p>Freiheit des Kosmos:&nbsp;<a href=\"https:\/\/www.hooponopono.org\/donate\/\" target=\"_blank\" rel=\"noreferrer noopener\">https:\/\/www.hooponopono.org\/donate\/<\/a><\/p>\n\n\n\n<p>Die Foundation of I, Inc. Freedom of the Cosmos ist eine gemeinn\u00fctzige 501-C3 Organisation, die von Morrnah Nalamaku Simeona gegr\u00fcndet wurde.<\/p>\n\n\n\n<div class=\"gbp-section gb-element-cf3481f6\">\n<div class=\"gbp-section__inner gbp-card--border gb-element-09ec5473\">\n<div>\n<h3 class=\"gb-text gb-text-0ff6a331\"><strong>Interview mit Morrnah Nalamaku Simeona &amp; Dr. Hew Len<\/strong><\/h3>\n<\/div>\n\n\n\n<div>\n<div class=\"gb-element-27a48403\">\n<a class=\"gb-text gbp-button--primary\" href=\"https:\/\/hooponoponosouthafrica.com\/wp-content\/uploads\/2025\/01\/Jeseits20Traditioneller20Methoden.pdf\" target=\"_blank\" rel=\"noopener\">PDF Download<\/a>\n<\/div>\n<\/div>\n<\/div>\n<\/div>\n\n\n\n<div class=\"gbp-section\">\n<div class=\"gbp-section__inner gbp-card--border gb-element-1e44c0a9\">\n<div>\n<h3 class=\"gb-text gb-text-332e2468\"><strong>Interview mit Dr. Hew Len<\/strong><\/h3>\n<\/div>\n\n\n\n<div>\n<div class=\"gb-element-727d7412\">\n<a class=\"gb-text gbp-button--primary\" href=\"https:\/\/hooponoponosouthafrica.com\/wp-content\/uploads\/2025\/01\/1002520Verantwortung20und20die20MoCC88glichkeit20auf20einen20Eisbecher.pdf\" target=\"_blank\" rel=\"noopener\">PDF Download<\/a>\n<\/div>\n<\/div>\n<\/div>\n<\/div>\n\n\n\n<h2 class=\"gb-text\"><strong>Au\u00dferordentliche Tools<\/strong><\/h2>\n\n\n\n<div><div >\n<div class=\"gb-loop-item gb-loop-item-3b5f20ab post-808 tool type-tool status-publish hentry\">\n<div class=\"gb-element-3d5c86e1\">\n<h2 class=\"gb-text gb-text-9104d36a\">TELLER MIT DONUTS<\/h2>\n\n\n<\/div>\n<\/div>\n\n<div class=\"gb-loop-item gb-loop-item-3b5f20ab post-807 tool type-tool status-publish hentry\">\n<div class=\"gb-element-3d5c86e1\">\n<h2 class=\"gb-text gb-text-9104d36a\">REGENBOGENBAND<\/h2>\n\n\n<\/div>\n<\/div>\n\n<div class=\"gb-loop-item gb-loop-item-3b5f20ab post-806 tool type-tool status-publish hentry\">\n<div class=\"gb-element-3d5c86e1\">\n<h2 class=\"gb-text gb-text-9104d36a\">PUFF POT<\/h2>\n\n\n<\/div>\n<\/div>\n\n<div class=\"gb-loop-item gb-loop-item-3b5f20ab post-805 tool type-tool status-publish hentry\">\n<div class=\"gb-element-3d5c86e1\">\n<h2 class=\"gb-text gb-text-9104d36a\">ICH LASSE ES IN DEN EIMER FALLEN<\/h2>\n\n\n<\/div>\n<\/div>\n\n<div class=\"gb-loop-item gb-loop-item-3b5f20ab post-804 tool type-tool status-publish hentry\">\n<div class=\"gb-element-3d5c86e1\">\n<h2 class=\"gb-text gb-text-9104d36a\">ICH BEMALE MICH UND DIE SITUATION MIT EISBLAU<\/h2>\n\n\n<\/div>\n<\/div>\n\n<div class=\"gb-loop-item gb-loop-item-3b5f20ab post-803 tool type-tool status-publish hentry\">\n<div class=\"gb-element-3d5c86e1\">\n<h2 class=\"gb-text gb-text-9104d36a\">GEFALTETES REGENBOGENPAPIER<\/h2>\n\n\n<\/div>\n<\/div>\n<\/div><\/div>\n","protected":false},"excerpt":{"rendered":"<p>In Gedanken an Dr. Hew Len Liebe Familie, Freunde und Sch\u00fcler von Self I-Dentity through Ho\u2019oponopono\u00ae, Wir danken Euch f\u00fcr alles, was ihr tut und wer ihr seid. Wir w\u00fcnschen euch, eurer Familie, euren Verwandten und euren Vorfahren FRIEDEN f\u00fcr alle Zeiten. Wir teilen Euch das Ableben von Dr. Hew Len, auch bekannt als Ihaleakala, &#8230; <a title=\"Artikel\" class=\"read-more\" href=\"https:\/\/hooponoponosouthafrica.com\/de\/artikel\/\" aria-label=\"Mehr Informationen \u00fcber Artikel\">Weiterlesen<\/a><\/p>\n","protected":false},"author":1,"featured_media":0,"parent":0,"menu_order":0,"comment_status":"closed","ping_status":"closed","template":"","meta":{"_acf_changed":false,"slim_seo":{"title":"Artikel - Ho&#039;oponopono South Africa","description":"In Gedanken an Dr. Hew Len Liebe Familie, Freunde und Sch\u00fcler von Self I-Dentity through Ho\u2019oponopono\u00ae, Wir danken Euch f\u00fcr alles, was ihr tut und wer ihr seid."},"footnotes":""},"class_list":["post-164","page","type-page","status-publish"],"acf":[],"_links":{"self":[{"href":"https:\/\/hooponoponosouthafrica.com\/de\/wp-json\/wp\/v2\/pages\/164","targetHints":{"allow":["GET"]}}],"collection":[{"href":"https:\/\/hooponoponosouthafrica.com\/de\/wp-json\/wp\/v2\/pages"}],"about":[{"href":"https:\/\/hooponoponosouthafrica.com\/de\/wp-json\/wp\/v2\/types\/page"}],"author":[{"embeddable":true,"href":"https:\/\/hooponoponosouthafrica.com\/de\/wp-json\/wp\/v2\/users\/1"}],"replies":[{"embeddable":true,"href":"https:\/\/hooponoponosouthafrica.com\/de\/wp-json\/wp\/v2\/comments?post=164"}],"version-history":[{"count":8,"href":"https:\/\/hooponoponosouthafrica.com\/de\/wp-json\/wp\/v2\/pages\/164\/revisions"}],"predecessor-version":[{"id":809,"href":"https:\/\/hooponoponosouthafrica.com\/de\/wp-json\/wp\/v2\/pages\/164\/revisions\/809"}],"wp:attachment":[{"href":"https:\/\/hooponoponosouthafrica.com\/de\/wp-json\/wp\/v2\/media?parent=164"}],"curies":[{"name":"wp","href":"https:\/\/api.w.org\/{rel}","templated":true}]}}